{"id":876,"date":"2023-12-31T04:55:43","date_gmt":"2023-12-31T03:55:43","guid":{"rendered":"https:\/\/lummans.com\/?page_id=876"},"modified":"2023-12-31T05:00:30","modified_gmt":"2023-12-31T04:00:30","slug":"livraison-et-expedition","status":"publish","type":"page","link":"https:\/\/lummans.com\/index.php\/livraison-et-expedition\/","title":{"rendered":"Livraison et Exp\u00e9dition"},"content":{"rendered":"\n<h1 class=\"wp-block-heading\">LIVRAISON ET EXPEDITION<\/h1>\n\n\n\n<p>Nous sommes adeptes de la livraison directe afin de r\u00e9duire nos co\u00fbts et vous proposer une exp\u00e9rience plus optimis\u00e9e.<\/p>\n\n\n\n<p><\/p>\n\n\n\n<p><\/p>\n\n\n\n<h3 class=\"wp-block-heading\"><strong>Que se passe-t-il une fois que j&#8217;ai valid\u00e9 ma commande ?<\/strong><\/h3>\n\n\n\n<p>Vous recevez un email de confirmation avec les d\u00e9tails de votre commande.<\/p>\n\n\n\n<p>Nous nous occupons d&#8217;exp\u00e9dier votre commande sous 24\/72H.<\/p>\n\n\n\n<p><\/p>\n\n\n\n<p><\/p>\n\n\n\n<h3 class=\"wp-block-heading\"><strong>Comment suivre ma commande ?<\/strong><\/h3>\n\n\n\n<p>Vous recevez un deuxi\u00e8me mail une fois que votre article est exp\u00e9di\u00e9.<\/p>\n\n\n\n<p>\u00a0Dans ce mail, vous aurez votre num\u00e9ro de suivi.\u00a0<\/p>\n\n\n\n<p><\/p>\n\n\n\n<p><\/p>\n\n\n\n<h3 class=\"wp-block-heading\"><strong>Quelle est notre politique de retour et de remboursement ?<\/strong><\/h3>\n\n\n\n<p>Si vous changez d&#8217;avis apr\u00e8s votre commande, vous pouvez vous r\u00e9tracter en nous envoyant rapidement un mail via notre formulaire de contact. Vous disposez d\u2019une garantie de 30 jours \u00e0 compter de la date de r\u00e9ception de votre produit pour le retourner s\u2019il est d\u00e9fectueux. Retrouvez des explications d\u00e9taill\u00e9es sur notre <a href=\"https:\/\/lummans.com\/index.php\/remboursements_retours\/\">page d\u00e9di\u00e9e<\/a><\/p>\n\n\n\n<p><\/p>\n\n\n\n<p><\/p>\n\n\n\n<h3 class=\"wp-block-heading\"><strong>Les zones d&#8217;exp\u00e9dition<\/strong><\/h3>\n\n\n\n<p>Dans le cadre de notre politique d&#8217;exp\u00e9dition, nous tenons \u00e0 informer nos pr\u00e9cieux clients que nous proposons actuellement uniquement des services de livraison aux clients situ\u00e9s en France m\u00e9tropolitaine. Nous n&#8217;acceptons pour le moment aucune commande en dehors de la France m\u00e9tropolitaine.<\/p>\n\n\n\n<p class=\"has-woostify-heading-3-font-size\"><\/p>\n\n\n\n<p><\/p>\n\n\n\n<h3 class=\"wp-block-heading\"><strong>D\u00e9lais de traitement et d&#8217;exp\u00e9dition<\/strong><\/h3>\n\n\n\n<p>D\u00e9lai de traitement: 24 \u00e0 72 heures<\/p>\n\n\n\n<p>D\u00e9lai de transit : 5 \u00e0 10 jours ouvrables<\/p>\n\n\n\n<p>Co\u00fbt d&#8217;exp\u00e9dition : offert<\/p>\n\n\n\n<p>Nous proposons une livraison en France avec un d\u00e9lai de livraison estim\u00e9 de 5 \u00e0 10 jours ouvrables.<\/p>\n\n\n\n<p><strong><mark style=\"background-color:rgba(0, 0, 0, 0);color:#ba0637\" class=\"has-inline-color\">Les articles de votre commande peuvent \u00eatre exp\u00e9di\u00e9s s\u00e9par\u00e9ment en fonction de leur disponibilit\u00e9.&nbsp;<\/mark><\/strong><\/p>\n\n\n\n<p>Nous ferons tout notre possible pour traiter les commandes dans le d\u00e9lai indiqu\u00e9. Les dates de livraison estim\u00e9es ne sont pas garanties, si au bout de <strong>16 jours<\/strong> apr\u00e8s votre commande, votre colis n\u2019a toujours pas \u00e9t\u00e9 re\u00e7u, nous vous invitons \u00e0 nous contacter. Nous ne sommes pas responsables des retards d&#8217;exp\u00e9dition caus\u00e9s par des conditions m\u00e9t\u00e9orologiques s\u00e9v\u00e8res ou des \u00e9v\u00e9nements impr\u00e9vus.<\/p>\n\n\n\n<p><\/p>\n\n\n\n<p><\/p>\n","protected":false},"excerpt":{"rendered":"<p>LIVRAISON ET EXPEDITION Nous sommes adeptes de la livraison directe afin de r\u00e9duire nos co\u00fbts et vous proposer une exp\u00e9rience&#8230;<\/p>\n","protected":false},"author":1,"featured_media":0,"parent":0,"menu_order":0,"comment_status":"closed","ping_status":"closed","template":"","meta":{"footnotes":""},"class_list":["post-876","page","type-page","status-publish","hentry"],"yoast_head":"<!-- This site is optimized with the Yoast SEO plugin v27.3 - https:\/\/yoast.com\/product\/yoast-seo-wordpress\/ -->\n<title>Livraison et Exp\u00e9dition - Lummans<\/title>\n<meta name=\"robots\" content=\"index, follow, max-snippet:-1, max-image-preview:large, max-video-preview:-1\" \/>\n<link rel=\"canonical\" href=\"https:\/\/lummans.com\/index.php\/livraison-et-expedition\/\" \/>\n<meta property=\"og:locale\" content=\"fr_FR\" \/>\n<meta property=\"og:type\" content=\"article\" \/>\n<meta property=\"og:title\" content=\"Livraison et Exp\u00e9dition - Lummans\" \/>\n<meta property=\"og:description\" content=\"LIVRAISON ET EXPEDITION Nous sommes adeptes de la livraison directe afin de r\u00e9duire nos co\u00fbts et vous proposer une exp\u00e9rience...\" \/>\n<meta property=\"og:url\" content=\"https:\/\/lummans.com\/index.php\/livraison-et-expedition\/\" \/>\n<meta property=\"og:site_name\" content=\"Lummans\" \/>\n<meta property=\"article:modified_time\" content=\"2023-12-31T04:00:30+00:00\" \/>\n<meta name=\"twitter:card\" content=\"summary_large_image\" \/>\n<meta name=\"twitter:label1\" content=\"Dur\u00e9e de lecture estim\u00e9e\" \/>\n\t<meta name=\"twitter:data1\" content=\"2 minutes\" \/>\n<script type=\"application\/ld+json\" class=\"yoast-schema-graph\">{\"@context\":\"https:\\\/\\\/schema.org\",\"@graph\":[{\"@type\":\"WebPage\",\"@id\":\"https:\\\/\\\/lummans.com\\\/index.php\\\/livraison-et-expedition\\\/\",\"url\":\"https:\\\/\\\/lummans.com\\\/index.php\\\/livraison-et-expedition\\\/\",\"name\":\"Livraison et Exp\u00e9dition - Lummans\",\"isPartOf\":{\"@id\":\"https:\\\/\\\/lummans.com\\\/#website\"},\"datePublished\":\"2023-12-31T03:55:43+00:00\",\"dateModified\":\"2023-12-31T04:00:30+00:00\",\"breadcrumb\":{\"@id\":\"https:\\\/\\\/lummans.com\\\/index.php\\\/livraison-et-expedition\\\/#breadcrumb\"},\"inLanguage\":\"fr-FR\",\"potentialAction\":[{\"@type\":\"ReadAction\",\"target\":[\"https:\\\/\\\/lummans.com\\\/index.php\\\/livraison-et-expedition\\\/\"]}]},{\"@type\":\"BreadcrumbList\",\"@id\":\"https:\\\/\\\/lummans.com\\\/index.php\\\/livraison-et-expedition\\\/#breadcrumb\",\"itemListElement\":[{\"@type\":\"ListItem\",\"position\":1,\"name\":\"Accueil\",\"item\":\"https:\\\/\\\/lummans.com\\\/\"},{\"@type\":\"ListItem\",\"position\":2,\"name\":\"Livraison et Exp\u00e9dition\"}]},{\"@type\":\"WebSite\",\"@id\":\"https:\\\/\\\/lummans.com\\\/#website\",\"url\":\"https:\\\/\\\/lummans.com\\\/\",\"name\":\"Lummans\",\"description\":\"\",\"publisher\":{\"@id\":\"https:\\\/\\\/lummans.com\\\/#organization\"},\"potentialAction\":[{\"@type\":\"SearchAction\",\"target\":{\"@type\":\"EntryPoint\",\"urlTemplate\":\"https:\\\/\\\/lummans.com\\\/?s={search_term_string}\"},\"query-input\":{\"@type\":\"PropertyValueSpecification\",\"valueRequired\":true,\"valueName\":\"search_term_string\"}}],\"inLanguage\":\"fr-FR\"},{\"@type\":\"Organization\",\"@id\":\"https:\\\/\\\/lummans.com\\\/#organization\",\"name\":\"Lummans\",\"url\":\"https:\\\/\\\/lummans.com\\\/\",\"logo\":{\"@type\":\"ImageObject\",\"inLanguage\":\"fr-FR\",\"@id\":\"https:\\\/\\\/lummans.com\\\/#\\\/schema\\\/logo\\\/image\\\/\",\"url\":\"https:\\\/\\\/lummans.com\\\/wp-content\\\/uploads\\\/2023\\\/10\\\/cropped-cropped-blanc.png\",\"contentUrl\":\"https:\\\/\\\/lummans.com\\\/wp-content\\\/uploads\\\/2023\\\/10\\\/cropped-cropped-blanc.png\",\"width\":1566,\"height\":333,\"caption\":\"Lummans\"},\"image\":{\"@id\":\"https:\\\/\\\/lummans.com\\\/#\\\/schema\\\/logo\\\/image\\\/\"}}]}<\/script>\n<!-- \/ Yoast SEO plugin. -->","yoast_head_json":{"title":"Livraison et Exp\u00e9dition - Lummans","robots":{"index":"index","follow":"follow","max-snippet":"max-snippet:-1","max-image-preview":"max-image-preview:large","max-video-preview":"max-video-preview:-1"},"canonical":"https:\/\/lummans.com\/index.php\/livraison-et-expedition\/","og_locale":"fr_FR","og_type":"article","og_title":"Livraison et Exp\u00e9dition - Lummans","og_description":"LIVRAISON ET EXPEDITION Nous sommes adeptes de la livraison directe afin de r\u00e9duire nos co\u00fbts et vous proposer une exp\u00e9rience...","og_url":"https:\/\/lummans.com\/index.php\/livraison-et-expedition\/","og_site_name":"Lummans","article_modified_time":"2023-12-31T04:00:30+00:00","twitter_card":"summary_large_image","twitter_misc":{"Dur\u00e9e de lecture estim\u00e9e":"2 minutes"},"schema":{"@context":"https:\/\/schema.org","@graph":[{"@type":"WebPage","@id":"https:\/\/lummans.com\/index.php\/livraison-et-expedition\/","url":"https:\/\/lummans.com\/index.php\/livraison-et-expedition\/","name":"Livraison et Exp\u00e9dition - Lummans","isPartOf":{"@id":"https:\/\/lummans.com\/#website"},"datePublished":"2023-12-31T03:55:43+00:00","dateModified":"2023-12-31T04:00:30+00:00","breadcrumb":{"@id":"https:\/\/lummans.com\/index.php\/livraison-et-expedition\/#breadcrumb"},"inLanguage":"fr-FR","potentialAction":[{"@type":"ReadAction","target":["https:\/\/lummans.com\/index.php\/livraison-et-expedition\/"]}]},{"@type":"BreadcrumbList","@id":"https:\/\/lummans.com\/index.php\/livraison-et-expedition\/#breadcrumb","itemListElement":[{"@type":"ListItem","position":1,"name":"Accueil","item":"https:\/\/lummans.com\/"},{"@type":"ListItem","position":2,"name":"Livraison et Exp\u00e9dition"}]},{"@type":"WebSite","@id":"https:\/\/lummans.com\/#website","url":"https:\/\/lummans.com\/","name":"Lummans","description":"","publisher":{"@id":"https:\/\/lummans.com\/#organization"},"potentialAction":[{"@type":"SearchAction","target":{"@type":"EntryPoint","urlTemplate":"https:\/\/lummans.com\/?s={search_term_string}"},"query-input":{"@type":"PropertyValueSpecification","valueRequired":true,"valueName":"search_term_string"}}],"inLanguage":"fr-FR"},{"@type":"Organization","@id":"https:\/\/lummans.com\/#organization","name":"Lummans","url":"https:\/\/lummans.com\/","logo":{"@type":"ImageObject","inLanguage":"fr-FR","@id":"https:\/\/lummans.com\/#\/schema\/logo\/image\/","url":"https:\/\/lummans.com\/wp-content\/uploads\/2023\/10\/cropped-cropped-blanc.png","contentUrl":"https:\/\/lummans.com\/wp-content\/uploads\/2023\/10\/cropped-cropped-blanc.png","width":1566,"height":333,"caption":"Lummans"},"image":{"@id":"https:\/\/lummans.com\/#\/schema\/logo\/image\/"}}]}},"jetpack_sharing_enabled":true,"_links":{"self":[{"href":"https:\/\/lummans.com\/index.php\/wp-json\/wp\/v2\/pages\/876","targetHints":{"allow":["GET"]}}],"collection":[{"href":"https:\/\/lummans.com\/index.php\/wp-json\/wp\/v2\/pages"}],"about":[{"href":"https:\/\/lummans.com\/index.php\/wp-json\/wp\/v2\/types\/page"}],"author":[{"embeddable":true,"href":"https:\/\/lummans.com\/index.php\/wp-json\/wp\/v2\/users\/1"}],"replies":[{"embeddable":true,"href":"https:\/\/lummans.com\/index.php\/wp-json\/wp\/v2\/comments?post=876"}],"version-history":[{"count":4,"href":"https:\/\/lummans.com\/index.php\/wp-json\/wp\/v2\/pages\/876\/revisions"}],"predecessor-version":[{"id":882,"href":"https:\/\/lummans.com\/index.php\/wp-json\/wp\/v2\/pages\/876\/revisions\/882"}],"wp:attachment":[{"href":"https:\/\/lummans.com\/index.php\/wp-json\/wp\/v2\/media?parent=876"}],"curies":[{"name":"wp","href":"https:\/\/api.w.org\/{rel}","templated":true}]}}