{"id":885,"date":"2023-12-31T22:50:52","date_gmt":"2023-12-31T21:50:52","guid":{"rendered":"https:\/\/lummans.com\/?page_id=885"},"modified":"2025-08-26T19:24:51","modified_gmt":"2025-08-26T17:24:51","slug":"mentions-legales","status":"publish","type":"page","link":"https:\/\/lummans.com\/index.php\/mentions-legales\/","title":{"rendered":"Mentions l\u00e9gales"},"content":{"rendered":"\n<h1 class=\"wp-block-heading\"><strong>MENTIONS L\u00c9GALES<\/strong><\/h1>\n\n\n\n<p>En vigueur au 19\/03\/2024<\/p>\n\n\n\n<p><\/p>\n\n\n\n<p>Conform\u00e9ment aux dispositions des Articles 6-III et 19 de la Loi n\u00b02004-575 du 21 juin 2004 pour la Confiance dans l\u2019\u00e9conomie num\u00e9rique, dite L.C.E.N., il est port\u00e9 \u00e0 la connaissance des utilisateurs et visiteurs, ci-apr\u00e8s l&#8221;&#8221;<strong>Utilisateur<\/strong>&#8220;, du site lummans.com , ci-apr\u00e8s le &#8220;<strong>Site<\/strong>&#8220;, les pr\u00e9sentes mentions l\u00e9gales.<\/p>\n\n\n\n<p>La connexion et la navigation sur le Site par l\u2019Utilisateur implique acceptation int\u00e9grale et sans r\u00e9serve des pr\u00e9sentes mentions l\u00e9gales.<\/p>\n\n\n\n<p>Ces derni\u00e8res sont accessibles sur le Site \u00e0 la rubrique \u00ab <strong>Mentions l\u00e9gales<\/strong> \u00bb.<\/p>\n\n\n\n<p><\/p>\n\n\n\n<h2 class=\"wp-block-heading\"><strong>ARTICLE 1 &#8211; L&#8217;\u00c9DITEUR<\/strong><\/h2>\n\n\n\n<p>L\u2019\u00e9dition et la direction de la publication du Site est assur\u00e9e par la micro-entreprise kamara hiliass, domicili\u00e9e 60 rue Fran\u00e7ois Ier 75008 Paris, dont le num\u00e9ro de t\u00e9l\u00e9phone est 33752291003, le SIRET est de 98280489000019 et l&#8217;adresse e-mail contact@lummans.com.<\/p>\n\n\n\n<p>ci-apr\u00e8s l'&#8221;<strong>Editeur<\/strong>&#8220;.<\/p>\n\n\n\n<p><\/p>\n\n\n\n<h2 class=\"wp-block-heading\"><strong>ARTICLE 2 &#8211; L&#8217;H\u00c9BERGEUR<\/strong><\/h2>\n\n\n\n<p>L&#8217;h\u00e9bergeur du Site est la soci\u00e9t\u00e9 HOSTINGER op\u00e9rations, UAB, dont le si\u00e8ge social est situ\u00e9 au \u0160vitrigailos str. 34, Vilnius 03230 Lithuania , av<strong>ec le num\u00e9ro de t\u00e9l\u00e9phone : 37064503378 + adresse mail de contact<\/strong><\/p>\n\n\n\n<p><\/p>\n\n\n\n<h2 class=\"wp-block-heading\"><strong>ARTICLE 3 &#8211; ACC\u00c8S AU SITE<\/strong><\/h2>\n\n\n\n<p>Le Site est accessible en tout endroit, 7j\/7, 24h\/24 sauf cas de force majeure, interruption programm\u00e9e ou non et pouvant d\u00e9coulant d\u2019une n\u00e9cessit\u00e9 de maintenance.<\/p>\n\n\n\n<p>En cas de modification, interruption ou suspension du Site, l&#8217;\u00c9diteur ne saurait \u00eatre tenu responsable.<\/p>\n\n\n\n<p><\/p>\n\n\n\n<h2 class=\"wp-block-heading\"><strong>ARTICLE 4 &#8211; COLLECTE DES DONN\u00c9ES<\/strong><\/h2>\n\n\n\n<p>Le Site assure \u00e0 l&#8217;Utilisateur une collecte et un traitement d&#8217;informations personnelles dans le respect de la vie priv\u00e9e conform\u00e9ment \u00e0 la loi n\u00b078-17 du 6 janvier 1978 relative \u00e0 l&#8217;informatique, aux fichiers et aux libert\u00e9s.&nbsp;<\/p>\n\n\n\n<p>En vertu de la loi Informatique et Libert\u00e9s, en date du 6 janvier 1978, l&#8217;Utilisateur dispose d&#8217;un droit d&#8217;acc\u00e8s, de rectification, de suppression et d&#8217;opposition de ses donn\u00e9es personnelles. L&#8217;Utilisateur exerce ce droit :<\/p>\n\n\n\n<p>\u00b7 &nbsp; &nbsp; &nbsp; &nbsp; via son espace personnel ;<\/p>\n\n\n\n<p>Toute utilisation, reproduction, diffusion, commercialisation, modification de toute ou partie du Site, sans autorisation de l&#8217;\u00c9diteur est prohib\u00e9e et pourra entra\u00eener des actions et poursuites judiciaires telles que notamment pr\u00e9vues par le Code de la propri\u00e9t\u00e9 intellectuelle et le Code civil.<\/p>\n","protected":false},"excerpt":{"rendered":"<p>MENTIONS L\u00c9GALES En vigueur au 19\/03\/2024 Conform\u00e9ment aux dispositions des Articles 6-III et 19 de la Loi n\u00b02004-575 du 21&#8230;<\/p>\n","protected":false},"author":1,"featured_media":0,"parent":0,"menu_order":0,"comment_status":"closed","ping_status":"closed","template":"","meta":{"footnotes":""},"class_list":["post-885","page","type-page","status-publish","hentry"],"yoast_head":"<!-- This site is optimized with the Yoast SEO plugin v27.6 - https:\/\/yoast.com\/product\/yoast-seo-wordpress\/ -->\n<title>Mentions l\u00e9gales - Lummans<\/title>\n<meta name=\"robots\" content=\"noindex, nofollow\" \/>\n<meta property=\"og:locale\" content=\"fr_FR\" \/>\n<meta property=\"og:type\" content=\"article\" \/>\n<meta property=\"og:title\" content=\"Mentions l\u00e9gales - Lummans\" \/>\n<meta property=\"og:description\" content=\"MENTIONS L\u00c9GALES En vigueur au 19\/03\/2024 Conform\u00e9ment aux dispositions des Articles 6-III et 19 de la Loi n\u00b02004-575 du 21...\" \/>\n<meta property=\"og:url\" content=\"https:\/\/lummans.com\/index.php\/mentions-legales\/\" \/>\n<meta property=\"og:site_name\" content=\"Lummans\" \/>\n<meta property=\"article:modified_time\" content=\"2025-08-26T17:24:51+00:00\" \/>\n<meta name=\"twitter:card\" content=\"summary_large_image\" \/>\n<meta name=\"twitter:label1\" content=\"Dur\u00e9e de lecture estim\u00e9e\" \/>\n\t<meta name=\"twitter:data1\" content=\"2 minutes\" \/>\n<script type=\"application\/ld+json\" class=\"yoast-schema-graph\">{\"@context\":\"https:\\\/\\\/schema.org\",\"@graph\":[{\"@type\":\"WebPage\",\"@id\":\"https:\\\/\\\/lummans.com\\\/index.php\\\/mentions-legales\\\/\",\"url\":\"https:\\\/\\\/lummans.com\\\/index.php\\\/mentions-legales\\\/\",\"name\":\"Mentions l\u00e9gales - Lummans\",\"isPartOf\":{\"@id\":\"https:\\\/\\\/lummans.com\\\/#website\"},\"datePublished\":\"2023-12-31T21:50:52+00:00\",\"dateModified\":\"2025-08-26T17:24:51+00:00\",\"breadcrumb\":{\"@id\":\"https:\\\/\\\/lummans.com\\\/index.php\\\/mentions-legales\\\/#breadcrumb\"},\"inLanguage\":\"fr-FR\",\"potentialAction\":[{\"@type\":\"ReadAction\",\"target\":[\"https:\\\/\\\/lummans.com\\\/index.php\\\/mentions-legales\\\/\"]}]},{\"@type\":\"BreadcrumbList\",\"@id\":\"https:\\\/\\\/lummans.com\\\/index.php\\\/mentions-legales\\\/#breadcrumb\",\"itemListElement\":[{\"@type\":\"ListItem\",\"position\":1,\"name\":\"Accueil\",\"item\":\"https:\\\/\\\/lummans.com\\\/\"},{\"@type\":\"ListItem\",\"position\":2,\"name\":\"Mentions l\u00e9gales\"}]},{\"@type\":\"WebSite\",\"@id\":\"https:\\\/\\\/lummans.com\\\/#website\",\"url\":\"https:\\\/\\\/lummans.com\\\/\",\"name\":\"Lummans\",\"description\":\"\",\"publisher\":{\"@id\":\"https:\\\/\\\/lummans.com\\\/#organization\"},\"potentialAction\":[{\"@type\":\"SearchAction\",\"target\":{\"@type\":\"EntryPoint\",\"urlTemplate\":\"https:\\\/\\\/lummans.com\\\/?s={search_term_string}\"},\"query-input\":{\"@type\":\"PropertyValueSpecification\",\"valueRequired\":true,\"valueName\":\"search_term_string\"}}],\"inLanguage\":\"fr-FR\"},{\"@type\":\"Organization\",\"@id\":\"https:\\\/\\\/lummans.com\\\/#organization\",\"name\":\"Lummans\",\"url\":\"https:\\\/\\\/lummans.com\\\/\",\"logo\":{\"@type\":\"ImageObject\",\"inLanguage\":\"fr-FR\",\"@id\":\"https:\\\/\\\/lummans.com\\\/#\\\/schema\\\/logo\\\/image\\\/\",\"url\":\"https:\\\/\\\/lummans.com\\\/wp-content\\\/uploads\\\/2023\\\/10\\\/cropped-cropped-blanc.png\",\"contentUrl\":\"https:\\\/\\\/lummans.com\\\/wp-content\\\/uploads\\\/2023\\\/10\\\/cropped-cropped-blanc.png\",\"width\":1566,\"height\":333,\"caption\":\"Lummans\"},\"image\":{\"@id\":\"https:\\\/\\\/lummans.com\\\/#\\\/schema\\\/logo\\\/image\\\/\"}}]}<\/script>\n<!-- \/ Yoast SEO plugin. -->","yoast_head_json":{"title":"Mentions l\u00e9gales - Lummans","robots":{"index":"noindex","follow":"nofollow"},"og_locale":"fr_FR","og_type":"article","og_title":"Mentions l\u00e9gales - Lummans","og_description":"MENTIONS L\u00c9GALES En vigueur au 19\/03\/2024 Conform\u00e9ment aux dispositions des Articles 6-III et 19 de la Loi n\u00b02004-575 du 21...","og_url":"https:\/\/lummans.com\/index.php\/mentions-legales\/","og_site_name":"Lummans","article_modified_time":"2025-08-26T17:24:51+00:00","twitter_card":"summary_large_image","twitter_misc":{"Dur\u00e9e de lecture estim\u00e9e":"2 minutes"},"schema":{"@context":"https:\/\/schema.org","@graph":[{"@type":"WebPage","@id":"https:\/\/lummans.com\/index.php\/mentions-legales\/","url":"https:\/\/lummans.com\/index.php\/mentions-legales\/","name":"Mentions l\u00e9gales - Lummans","isPartOf":{"@id":"https:\/\/lummans.com\/#website"},"datePublished":"2023-12-31T21:50:52+00:00","dateModified":"2025-08-26T17:24:51+00:00","breadcrumb":{"@id":"https:\/\/lummans.com\/index.php\/mentions-legales\/#breadcrumb"},"inLanguage":"fr-FR","potentialAction":[{"@type":"ReadAction","target":["https:\/\/lummans.com\/index.php\/mentions-legales\/"]}]},{"@type":"BreadcrumbList","@id":"https:\/\/lummans.com\/index.php\/mentions-legales\/#breadcrumb","itemListElement":[{"@type":"ListItem","position":1,"name":"Accueil","item":"https:\/\/lummans.com\/"},{"@type":"ListItem","position":2,"name":"Mentions l\u00e9gales"}]},{"@type":"WebSite","@id":"https:\/\/lummans.com\/#website","url":"https:\/\/lummans.com\/","name":"Lummans","description":"","publisher":{"@id":"https:\/\/lummans.com\/#organization"},"potentialAction":[{"@type":"SearchAction","target":{"@type":"EntryPoint","urlTemplate":"https:\/\/lummans.com\/?s={search_term_string}"},"query-input":{"@type":"PropertyValueSpecification","valueRequired":true,"valueName":"search_term_string"}}],"inLanguage":"fr-FR"},{"@type":"Organization","@id":"https:\/\/lummans.com\/#organization","name":"Lummans","url":"https:\/\/lummans.com\/","logo":{"@type":"ImageObject","inLanguage":"fr-FR","@id":"https:\/\/lummans.com\/#\/schema\/logo\/image\/","url":"https:\/\/lummans.com\/wp-content\/uploads\/2023\/10\/cropped-cropped-blanc.png","contentUrl":"https:\/\/lummans.com\/wp-content\/uploads\/2023\/10\/cropped-cropped-blanc.png","width":1566,"height":333,"caption":"Lummans"},"image":{"@id":"https:\/\/lummans.com\/#\/schema\/logo\/image\/"}}]}},"jetpack_sharing_enabled":true,"_links":{"self":[{"href":"https:\/\/lummans.com\/index.php\/wp-json\/wp\/v2\/pages\/885","targetHints":{"allow":["GET"]}}],"collection":[{"href":"https:\/\/lummans.com\/index.php\/wp-json\/wp\/v2\/pages"}],"about":[{"href":"https:\/\/lummans.com\/index.php\/wp-json\/wp\/v2\/types\/page"}],"author":[{"embeddable":true,"href":"https:\/\/lummans.com\/index.php\/wp-json\/wp\/v2\/users\/1"}],"replies":[{"embeddable":true,"href":"https:\/\/lummans.com\/index.php\/wp-json\/wp\/v2\/comments?post=885"}],"version-history":[{"count":3,"href":"https:\/\/lummans.com\/index.php\/wp-json\/wp\/v2\/pages\/885\/revisions"}],"predecessor-version":[{"id":4819,"href":"https:\/\/lummans.com\/index.php\/wp-json\/wp\/v2\/pages\/885\/revisions\/4819"}],"wp:attachment":[{"href":"https:\/\/lummans.com\/index.php\/wp-json\/wp\/v2\/media?parent=885"}],"curies":[{"name":"wp","href":"https:\/\/api.w.org\/{rel}","templated":true}]}}