{"id":897,"date":"2024-01-01T01:34:52","date_gmt":"2024-01-01T00:34:52","guid":{"rendered":"https:\/\/lummans.com\/?page_id=897"},"modified":"2024-01-01T05:24:36","modified_gmt":"2024-01-01T04:24:36","slug":"faq","status":"publish","type":"page","link":"https:\/\/lummans.com\/index.php\/faq\/","title":{"rendered":"FAQ"},"content":{"rendered":"\t\t<div data-elementor-type=\"wp-page\" data-elementor-id=\"897\" class=\"elementor elementor-897\" data-elementor-post-type=\"page\">\n\t\t\t\t<div class=\"elementor-element elementor-element-72f26a4c e-flex e-con-boxed wpr-particle-no wpr-jarallax-no wpr-parallax-no wpr-sticky-section-no e-con e-parent\" data-id=\"72f26a4c\" data-element_type=\"container\" data-e-type=\"container\">\n\t\t\t\t\t<div class=\"e-con-inner\">\n\t\t\t\t<div class=\"elementor-element elementor-element-641dfd0c elementor-widget elementor-widget-text-editor\" data-id=\"641dfd0c\" data-element_type=\"widget\" data-e-type=\"widget\" data-widget_type=\"text-editor.default\">\n\t\t\t\t<div class=\"elementor-widget-container\">\n\t\t\t\t\t\t\t\t\t\n<h1 class=\"wp-block-heading\"><strong>FAQ<\/strong><\/h1>\n<p>\u00a0<\/p>\n\n<h2 class=\"wp-block-heading\"><strong>D&#8217;o\u00f9 proviennent vos vid\u00e9oprojecteurs ?<\/strong><\/h2>\n\n<p>Nous travaillons avec une s\u00e9lection de fournisseurs tiers de confiance pour nous fournir des vid\u00e9oprojecteurs de qualit\u00e9. Nous s\u00e9lectionnons soigneusement nos fournisseurs en fonction de leur exp\u00e9rience, de leur expertise et de la qualit\u00e9 de leurs produits.<\/p>\n<p>\u00a0<\/p>\n\n<h2 class=\"wp-block-heading\"><strong>Quels sont les types de vid\u00e9oprojecteurs que vous proposez ?<\/strong><\/h2>\n\n<p>Nous proposons une gamme de vid\u00e9oprojecteurs faciles \u00e0 utiliser et accessibles pour les petits budgets. Notre catalogue se compose principalement de mini vid\u00e9oprojecteurs. La plupart projettent en full HD ainsi qu\u2019une connectivit\u00e9 Bluetooth ou Wifi.<\/p>\n<p>\u00a0<\/p>\n\n<h2 class=\"wp-block-heading\"><strong>Comment puis-je choisir le bon vid\u00e9oprojecteur pour moi ?<\/strong>\u00a0<\/h2>\n\n<p>Nous vous recommandons de lire<a href=\"https:\/\/lummans.com\/index.php\/2024\/01\/01\/choisir-le-meilleur-videoprojecteur-guide-facile-pour-debutants\/\"> notre guide d\u2019achat<\/a> pour vous aider \u00e0 choisir le bon vid\u00e9oprojecteur pour vous.<\/p>\n<p>\u00a0<\/p>\n\n<h2 class=\"wp-block-heading\"><strong>Quels moyens de paiement acceptez-vous ?<\/strong>\u00a0<\/h2>\n\n<p>Nous acceptons les paiements Visa, Mastercard et PayPal<\/p>\n<p>\u00a0<\/p>\n\n<h2 class=\"wp-block-heading\"><strong>Quels sont vos frais de livraison ?<\/strong>\u00a0<\/h2>\n\n<p>La livraison est totalement gratuite pour la plupart de nos produits.<\/p>\n<p>\u00a0<\/p>\n\n<h2 class=\"wp-block-heading\"><strong>Combien de temps pour recevoir ma commande ?<\/strong>\u00a0<\/h2>\n\n<p>5 \u00e0 10 jours est le d\u00e9lai moyen de nos produits, certains peuvent cependant arriver en 3 jours! Veuillez nous contacter sur <a href=\"mailto:contact@lummans.com\">contact@lummans.com<\/a> en cas de retard. Plus d\u2019info sur la <a href=\"https:\/\/lummans.com\/index.php\/livraison-et-expedition\/\">page d\u00e9di\u00e9e<\/a>.<\/p>\n<p>\u00a0<\/p>\n\n<h2 class=\"wp-block-heading\"><strong>Comment puis-je retourner un produit ?<\/strong>\u00a0<\/h2>\n\n<p>Nous acceptons les retours de vid\u00e9oprojecteurs dans les 30 jours suivant la r\u00e9ception de votre commande. Pour retourner un vid\u00e9oprojecteur, vous devez nous contacter. Vous pouvez ensuite retourner le vid\u00e9oprojecteur \u00e0 vos frais. Plus d\u2019info sur la <a href=\"https:\/\/lummans.com\/index.php\/remboursements_retours\/\">page d\u00e9di\u00e9e<\/a>.<\/p>\n\t\t\t\t\t\t\t\t<\/div>\n\t\t\t\t<\/div>\n\t\t\t\t\t<\/div>\n\t\t\t\t<\/div>\n\t\t\t\t<\/div>\n\t\t","protected":false},"excerpt":{"rendered":"<p>FAQ \u00a0 D&#8217;o\u00f9 proviennent vos vid\u00e9oprojecteurs ? Nous travaillons avec une s\u00e9lection de fournisseurs tiers de confiance pour nous fournir&#8230;<\/p>\n","protected":false},"author":1,"featured_media":0,"parent":0,"menu_order":0,"comment_status":"closed","ping_status":"closed","template":"","meta":{"footnotes":""},"class_list":["post-897","page","type-page","status-publish","hentry"],"yoast_head":"<!-- This site is optimized with the Yoast SEO plugin v27.3 - https:\/\/yoast.com\/product\/yoast-seo-wordpress\/ -->\n<title>FAQ - Lummans<\/title>\n<meta name=\"robots\" content=\"index, follow, max-snippet:-1, max-image-preview:large, max-video-preview:-1\" \/>\n<link rel=\"canonical\" href=\"https:\/\/lummans.com\/index.php\/faq\/\" \/>\n<meta property=\"og:locale\" content=\"fr_FR\" \/>\n<meta property=\"og:type\" content=\"article\" \/>\n<meta property=\"og:title\" content=\"FAQ - Lummans\" \/>\n<meta property=\"og:description\" content=\"FAQ \u00a0 D&#8217;o\u00f9 proviennent vos vid\u00e9oprojecteurs ? Nous travaillons avec une s\u00e9lection de fournisseurs tiers de confiance pour nous fournir...\" \/>\n<meta property=\"og:url\" content=\"https:\/\/lummans.com\/index.php\/faq\/\" \/>\n<meta property=\"og:site_name\" content=\"Lummans\" \/>\n<meta property=\"article:modified_time\" content=\"2024-01-01T04:24:36+00:00\" \/>\n<meta name=\"twitter:card\" content=\"summary_large_image\" \/>\n<meta name=\"twitter:label1\" content=\"Dur\u00e9e de lecture estim\u00e9e\" \/>\n\t<meta name=\"twitter:data1\" content=\"2 minutes\" \/>\n<script type=\"application\/ld+json\" class=\"yoast-schema-graph\">{\"@context\":\"https:\\\/\\\/schema.org\",\"@graph\":[{\"@type\":\"WebPage\",\"@id\":\"https:\\\/\\\/lummans.com\\\/index.php\\\/faq\\\/\",\"url\":\"https:\\\/\\\/lummans.com\\\/index.php\\\/faq\\\/\",\"name\":\"FAQ - Lummans\",\"isPartOf\":{\"@id\":\"https:\\\/\\\/lummans.com\\\/#website\"},\"datePublished\":\"2024-01-01T00:34:52+00:00\",\"dateModified\":\"2024-01-01T04:24:36+00:00\",\"breadcrumb\":{\"@id\":\"https:\\\/\\\/lummans.com\\\/index.php\\\/faq\\\/#breadcrumb\"},\"inLanguage\":\"fr-FR\",\"potentialAction\":[{\"@type\":\"ReadAction\",\"target\":[\"https:\\\/\\\/lummans.com\\\/index.php\\\/faq\\\/\"]}]},{\"@type\":\"BreadcrumbList\",\"@id\":\"https:\\\/\\\/lummans.com\\\/index.php\\\/faq\\\/#breadcrumb\",\"itemListElement\":[{\"@type\":\"ListItem\",\"position\":1,\"name\":\"Accueil\",\"item\":\"https:\\\/\\\/lummans.com\\\/\"},{\"@type\":\"ListItem\",\"position\":2,\"name\":\"FAQ\"}]},{\"@type\":\"WebSite\",\"@id\":\"https:\\\/\\\/lummans.com\\\/#website\",\"url\":\"https:\\\/\\\/lummans.com\\\/\",\"name\":\"Lummans\",\"description\":\"\",\"publisher\":{\"@id\":\"https:\\\/\\\/lummans.com\\\/#organization\"},\"potentialAction\":[{\"@type\":\"SearchAction\",\"target\":{\"@type\":\"EntryPoint\",\"urlTemplate\":\"https:\\\/\\\/lummans.com\\\/?s={search_term_string}\"},\"query-input\":{\"@type\":\"PropertyValueSpecification\",\"valueRequired\":true,\"valueName\":\"search_term_string\"}}],\"inLanguage\":\"fr-FR\"},{\"@type\":\"Organization\",\"@id\":\"https:\\\/\\\/lummans.com\\\/#organization\",\"name\":\"Lummans\",\"url\":\"https:\\\/\\\/lummans.com\\\/\",\"logo\":{\"@type\":\"ImageObject\",\"inLanguage\":\"fr-FR\",\"@id\":\"https:\\\/\\\/lummans.com\\\/#\\\/schema\\\/logo\\\/image\\\/\",\"url\":\"https:\\\/\\\/lummans.com\\\/wp-content\\\/uploads\\\/2023\\\/10\\\/cropped-cropped-blanc.png\",\"contentUrl\":\"https:\\\/\\\/lummans.com\\\/wp-content\\\/uploads\\\/2023\\\/10\\\/cropped-cropped-blanc.png\",\"width\":1566,\"height\":333,\"caption\":\"Lummans\"},\"image\":{\"@id\":\"https:\\\/\\\/lummans.com\\\/#\\\/schema\\\/logo\\\/image\\\/\"}}]}<\/script>\n<!-- \/ Yoast SEO plugin. -->","yoast_head_json":{"title":"FAQ - Lummans","robots":{"index":"index","follow":"follow","max-snippet":"max-snippet:-1","max-image-preview":"max-image-preview:large","max-video-preview":"max-video-preview:-1"},"canonical":"https:\/\/lummans.com\/index.php\/faq\/","og_locale":"fr_FR","og_type":"article","og_title":"FAQ - Lummans","og_description":"FAQ \u00a0 D&#8217;o\u00f9 proviennent vos vid\u00e9oprojecteurs ? Nous travaillons avec une s\u00e9lection de fournisseurs tiers de confiance pour nous fournir...","og_url":"https:\/\/lummans.com\/index.php\/faq\/","og_site_name":"Lummans","article_modified_time":"2024-01-01T04:24:36+00:00","twitter_card":"summary_large_image","twitter_misc":{"Dur\u00e9e de lecture estim\u00e9e":"2 minutes"},"schema":{"@context":"https:\/\/schema.org","@graph":[{"@type":"WebPage","@id":"https:\/\/lummans.com\/index.php\/faq\/","url":"https:\/\/lummans.com\/index.php\/faq\/","name":"FAQ - Lummans","isPartOf":{"@id":"https:\/\/lummans.com\/#website"},"datePublished":"2024-01-01T00:34:52+00:00","dateModified":"2024-01-01T04:24:36+00:00","breadcrumb":{"@id":"https:\/\/lummans.com\/index.php\/faq\/#breadcrumb"},"inLanguage":"fr-FR","potentialAction":[{"@type":"ReadAction","target":["https:\/\/lummans.com\/index.php\/faq\/"]}]},{"@type":"BreadcrumbList","@id":"https:\/\/lummans.com\/index.php\/faq\/#breadcrumb","itemListElement":[{"@type":"ListItem","position":1,"name":"Accueil","item":"https:\/\/lummans.com\/"},{"@type":"ListItem","position":2,"name":"FAQ"}]},{"@type":"WebSite","@id":"https:\/\/lummans.com\/#website","url":"https:\/\/lummans.com\/","name":"Lummans","description":"","publisher":{"@id":"https:\/\/lummans.com\/#organization"},"potentialAction":[{"@type":"SearchAction","target":{"@type":"EntryPoint","urlTemplate":"https:\/\/lummans.com\/?s={search_term_string}"},"query-input":{"@type":"PropertyValueSpecification","valueRequired":true,"valueName":"search_term_string"}}],"inLanguage":"fr-FR"},{"@type":"Organization","@id":"https:\/\/lummans.com\/#organization","name":"Lummans","url":"https:\/\/lummans.com\/","logo":{"@type":"ImageObject","inLanguage":"fr-FR","@id":"https:\/\/lummans.com\/#\/schema\/logo\/image\/","url":"https:\/\/lummans.com\/wp-content\/uploads\/2023\/10\/cropped-cropped-blanc.png","contentUrl":"https:\/\/lummans.com\/wp-content\/uploads\/2023\/10\/cropped-cropped-blanc.png","width":1566,"height":333,"caption":"Lummans"},"image":{"@id":"https:\/\/lummans.com\/#\/schema\/logo\/image\/"}}]}},"jetpack_sharing_enabled":true,"_links":{"self":[{"href":"https:\/\/lummans.com\/index.php\/wp-json\/wp\/v2\/pages\/897","targetHints":{"allow":["GET"]}}],"collection":[{"href":"https:\/\/lummans.com\/index.php\/wp-json\/wp\/v2\/pages"}],"about":[{"href":"https:\/\/lummans.com\/index.php\/wp-json\/wp\/v2\/types\/page"}],"author":[{"embeddable":true,"href":"https:\/\/lummans.com\/index.php\/wp-json\/wp\/v2\/users\/1"}],"replies":[{"embeddable":true,"href":"https:\/\/lummans.com\/index.php\/wp-json\/wp\/v2\/comments?post=897"}],"version-history":[{"count":13,"href":"https:\/\/lummans.com\/index.php\/wp-json\/wp\/v2\/pages\/897\/revisions"}],"predecessor-version":[{"id":997,"href":"https:\/\/lummans.com\/index.php\/wp-json\/wp\/v2\/pages\/897\/revisions\/997"}],"wp:attachment":[{"href":"https:\/\/lummans.com\/index.php\/wp-json\/wp\/v2\/media?parent=897"}],"curies":[{"name":"wp","href":"https:\/\/api.w.org\/{rel}","templated":true}]}}