{"id":5986,"date":"2025-01-27T23:33:32","date_gmt":"2025-01-27T22:33:32","guid":{"rendered":"https:\/\/lummans.com\/?post_type=product&#038;p=5986"},"modified":"2025-01-28T00:06:28","modified_gmt":"2025-01-27T23:06:28","slug":"etui-de-rangement-mini-videoprojecteur-intelligent","status":"publish","type":"product","link":"https:\/\/lummans.com\/index.php\/\/accessoires-pour-videoprojecteurs\/etui-de-rangement-mini-videoprojecteur-intelligent\/","title":{"rendered":"\u00c9tui de rangement | mini vid\u00e9oprojecteur intelligent"},"content":{"rendered":"<div class=\"detailmodule_html\">\n<div class=\"detail-desc-decorate-richtext\">\n<p>&nbsp;<\/p>\n<p><img decoding=\"async\" src=\"https:\/\/ae01.alicdn.com\/kf\/S94d3017503cf4df99e743f2f493a4c6bN.jpg\" \/><img decoding=\"async\" src=\"https:\/\/ae01.alicdn.com\/kf\/S94fce54d3e714c6ba7e367eab81897987.png\" \/><img decoding=\"async\" src=\"https:\/\/ae01.alicdn.com\/kf\/Sfd6f9568f4974e97a8db9e7d12cda85cX.png\" \/><\/p>\n<p><img decoding=\"async\" src=\"https:\/\/ae01.alicdn.com\/kf\/Sb148bf08f6d6495e8a386763812352d3X.png\" \/><img decoding=\"async\" src=\"https:\/\/ae01.alicdn.com\/kf\/Sf3e1221f241046e09cbf87717c09a69d7.png\" \/><img decoding=\"async\" src=\"https:\/\/ae01.alicdn.com\/kf\/Saa8b50e913034912aed57f84830260d31.png\" \/><\/p>\n<p><img decoding=\"async\" src=\"https:\/\/ae01.alicdn.com\/kf\/S52a6c826b6d848a3b9381b5258dcffbfc.png\" \/><\/p>\n<\/div>\n<\/div>\n","protected":false},"excerpt":{"rendered":"<div class=\"product-specs-list-container\">1. Bonne qualit\u00e9 et grande capacit\u00e9<\/div>\n<div class=\"detailmodule_html\">\n<div class=\"detail-desc-decorate-richtext\">\n<p>2. Taille: Environ 21*14*11cm<\/p>\n<p>3. Poids net: environ 195g<\/p>\n<p>4. Sp\u00e9cialement con\u00e7u pour les mini projecteurs originaux<\/p>\n<p>5. Il a une belle protection et des fonctionnalit\u00e9s portables.<\/p>\n<p>6. L&#8217;\u00e9tui peut \u00e9galement \u00eatre utilis\u00e9 pour les haut-parleurs intelligents, les cam\u00e9ras, les t\u00e9l\u00e9viseurs, en fonction de la taille de l&#8217;appareil.<\/p>\n<\/div>\n<\/div>\n","protected":false},"featured_media":5994,"comment_status":"open","ping_status":"closed","template":"","meta":[],"product_brand":[],"product_cat":[37],"product_tag":[],"class_list":{"0":"post-5986","1":"product","2":"type-product","3":"status-publish","4":"has-post-thumbnail","6":"product_cat-accessoires-pour-videoprojecteurs","8":"first","9":"instock","10":"shipping-taxable","11":"purchasable","12":"product-type-simple"},"bundled_by":["23"],"bundle_stock_status":"instock","bundle_stock_quantity":null,"bundle_virtual":false,"bundle_layout":"","bundle_add_to_cart_form_location":"","bundle_editable_in_cart":false,"bundle_sold_individually_context":"","bundle_item_grouping":"","bundle_min_size":"","bundle_max_size":"","bundle_price":[],"bundled_items":[],"bundle_sell_ids":[],"yoast_head":"<!-- This site is optimized with the Yoast SEO plugin v27.3 - https:\/\/yoast.com\/product\/yoast-seo-wordpress\/ -->\n<title>\u00c9tui de rangement | mini vid\u00e9oprojecteur intelligent - Lummans<\/title>\n<meta name=\"robots\" content=\"index, follow, max-snippet:-1, max-image-preview:large, max-video-preview:-1\" \/>\n<link rel=\"canonical\" href=\"https:\/\/lummans.com\/index.php\/\/accessoires-pour-videoprojecteurs\/etui-de-rangement-mini-videoprojecteur-intelligent\/\" \/>\n<meta property=\"og:locale\" content=\"fr_FR\" \/>\n<meta property=\"og:type\" content=\"article\" \/>\n<meta property=\"og:title\" content=\"\u00c9tui de rangement | mini vid\u00e9oprojecteur intelligent - Lummans\" \/>\n<meta property=\"og:description\" content=\"1. Bonne qualit\u00e9 et grande capacit\u00e9    2. Taille: Environ 21*14*11cm  3. Poids net: environ 195g  4. Sp\u00e9cialement con\u00e7u pour les mini projecteurs originaux  5. Il a une belle protection et des fonctionnalit\u00e9s portables.  6. L&#039;\u00e9tui peut \u00e9galement \u00eatre utilis\u00e9 pour les haut-parleurs intelligents, les cam\u00e9ras, les t\u00e9l\u00e9viseurs, en fonction de la taille de l&#039;appareil.\" \/>\n<meta property=\"og:url\" content=\"https:\/\/lummans.com\/index.php\/\/accessoires-pour-videoprojecteurs\/etui-de-rangement-mini-videoprojecteur-intelligent\/\" \/>\n<meta property=\"og:site_name\" content=\"Lummans\" \/>\n<meta property=\"article:modified_time\" content=\"2025-01-27T23:06:28+00:00\" \/>\n<meta property=\"og:image\" content=\"https:\/\/lummans.com\/wp-content\/uploads\/2025\/01\/4-removebg-preview.png\" \/>\n\t<meta property=\"og:image:width\" content=\"500\" \/>\n\t<meta property=\"og:image:height\" content=\"500\" \/>\n\t<meta property=\"og:image:type\" content=\"image\/png\" \/>\n<meta name=\"twitter:card\" content=\"summary_large_image\" \/>\n<meta name=\"twitter:label1\" content=\"Dur\u00e9e de lecture estim\u00e9e\" \/>\n\t<meta name=\"twitter:data1\" content=\"2 minutes\" \/>\n<script type=\"application\/ld+json\" class=\"yoast-schema-graph\">{\"@context\":\"https:\\\/\\\/schema.org\",\"@graph\":[{\"@type\":\"WebPage\",\"@id\":\"https:\\\/\\\/lummans.com\\\/index.php\\\/\\\/accessoires-pour-videoprojecteurs\\\/etui-de-rangement-mini-videoprojecteur-intelligent\\\/\",\"url\":\"https:\\\/\\\/lummans.com\\\/index.php\\\/\\\/accessoires-pour-videoprojecteurs\\\/etui-de-rangement-mini-videoprojecteur-intelligent\\\/\",\"name\":\"\u00c9tui de rangement | mini vid\u00e9oprojecteur intelligent - Lummans\",\"isPartOf\":{\"@id\":\"https:\\\/\\\/lummans.com\\\/#website\"},\"primaryImageOfPage\":{\"@id\":\"https:\\\/\\\/lummans.com\\\/index.php\\\/\\\/accessoires-pour-videoprojecteurs\\\/etui-de-rangement-mini-videoprojecteur-intelligent\\\/#primaryimage\"},\"image\":{\"@id\":\"https:\\\/\\\/lummans.com\\\/index.php\\\/\\\/accessoires-pour-videoprojecteurs\\\/etui-de-rangement-mini-videoprojecteur-intelligent\\\/#primaryimage\"},\"thumbnailUrl\":\"https:\\\/\\\/lummans.com\\\/wp-content\\\/uploads\\\/2025\\\/01\\\/4-removebg-preview.png\",\"datePublished\":\"2025-01-27T22:33:32+00:00\",\"dateModified\":\"2025-01-27T23:06:28+00:00\",\"breadcrumb\":{\"@id\":\"https:\\\/\\\/lummans.com\\\/index.php\\\/\\\/accessoires-pour-videoprojecteurs\\\/etui-de-rangement-mini-videoprojecteur-intelligent\\\/#breadcrumb\"},\"inLanguage\":\"fr-FR\",\"potentialAction\":[{\"@type\":\"ReadAction\",\"target\":[\"https:\\\/\\\/lummans.com\\\/index.php\\\/\\\/accessoires-pour-videoprojecteurs\\\/etui-de-rangement-mini-videoprojecteur-intelligent\\\/\"]}]},{\"@type\":\"ImageObject\",\"inLanguage\":\"fr-FR\",\"@id\":\"https:\\\/\\\/lummans.com\\\/index.php\\\/\\\/accessoires-pour-videoprojecteurs\\\/etui-de-rangement-mini-videoprojecteur-intelligent\\\/#primaryimage\",\"url\":\"https:\\\/\\\/lummans.com\\\/wp-content\\\/uploads\\\/2025\\\/01\\\/4-removebg-preview.png\",\"contentUrl\":\"https:\\\/\\\/lummans.com\\\/wp-content\\\/uploads\\\/2025\\\/01\\\/4-removebg-preview.png\",\"width\":500,\"height\":500},{\"@type\":\"BreadcrumbList\",\"@id\":\"https:\\\/\\\/lummans.com\\\/index.php\\\/\\\/accessoires-pour-videoprojecteurs\\\/etui-de-rangement-mini-videoprojecteur-intelligent\\\/#breadcrumb\",\"itemListElement\":[{\"@type\":\"ListItem\",\"position\":1,\"name\":\"Accueil\",\"item\":\"https:\\\/\\\/lummans.com\\\/\"},{\"@type\":\"ListItem\",\"position\":2,\"name\":\"Nos produits\",\"item\":\"https:\\\/\\\/lummans.com\\\/index.php\\\/nos-produits\\\/\"},{\"@type\":\"ListItem\",\"position\":3,\"name\":\"\u00c9tui de rangement | mini vid\u00e9oprojecteur intelligent\"}]},{\"@type\":\"WebSite\",\"@id\":\"https:\\\/\\\/lummans.com\\\/#website\",\"url\":\"https:\\\/\\\/lummans.com\\\/\",\"name\":\"Lummans\",\"description\":\"\",\"publisher\":{\"@id\":\"https:\\\/\\\/lummans.com\\\/#organization\"},\"potentialAction\":[{\"@type\":\"SearchAction\",\"target\":{\"@type\":\"EntryPoint\",\"urlTemplate\":\"https:\\\/\\\/lummans.com\\\/?s={search_term_string}\"},\"query-input\":{\"@type\":\"PropertyValueSpecification\",\"valueRequired\":true,\"valueName\":\"search_term_string\"}}],\"inLanguage\":\"fr-FR\"},{\"@type\":\"Organization\",\"@id\":\"https:\\\/\\\/lummans.com\\\/#organization\",\"name\":\"Lummans\",\"url\":\"https:\\\/\\\/lummans.com\\\/\",\"logo\":{\"@type\":\"ImageObject\",\"inLanguage\":\"fr-FR\",\"@id\":\"https:\\\/\\\/lummans.com\\\/#\\\/schema\\\/logo\\\/image\\\/\",\"url\":\"https:\\\/\\\/lummans.com\\\/wp-content\\\/uploads\\\/2023\\\/10\\\/cropped-cropped-blanc.png\",\"contentUrl\":\"https:\\\/\\\/lummans.com\\\/wp-content\\\/uploads\\\/2023\\\/10\\\/cropped-cropped-blanc.png\",\"width\":1566,\"height\":333,\"caption\":\"Lummans\"},\"image\":{\"@id\":\"https:\\\/\\\/lummans.com\\\/#\\\/schema\\\/logo\\\/image\\\/\"}}]}<\/script>\n<!-- \/ Yoast SEO plugin. -->","yoast_head_json":{"title":"\u00c9tui de rangement | mini vid\u00e9oprojecteur intelligent - Lummans","robots":{"index":"index","follow":"follow","max-snippet":"max-snippet:-1","max-image-preview":"max-image-preview:large","max-video-preview":"max-video-preview:-1"},"canonical":"https:\/\/lummans.com\/index.php\/\/accessoires-pour-videoprojecteurs\/etui-de-rangement-mini-videoprojecteur-intelligent\/","og_locale":"fr_FR","og_type":"article","og_title":"\u00c9tui de rangement | mini vid\u00e9oprojecteur intelligent - Lummans","og_description":"1. Bonne qualit\u00e9 et grande capacit\u00e9    2. Taille: Environ 21*14*11cm  3. Poids net: environ 195g  4. Sp\u00e9cialement con\u00e7u pour les mini projecteurs originaux  5. Il a une belle protection et des fonctionnalit\u00e9s portables.  6. L'\u00e9tui peut \u00e9galement \u00eatre utilis\u00e9 pour les haut-parleurs intelligents, les cam\u00e9ras, les t\u00e9l\u00e9viseurs, en fonction de la taille de l'appareil.","og_url":"https:\/\/lummans.com\/index.php\/\/accessoires-pour-videoprojecteurs\/etui-de-rangement-mini-videoprojecteur-intelligent\/","og_site_name":"Lummans","article_modified_time":"2025-01-27T23:06:28+00:00","og_image":[{"width":500,"height":500,"url":"https:\/\/lummans.com\/wp-content\/uploads\/2025\/01\/4-removebg-preview.png","type":"image\/png"}],"twitter_card":"summary_large_image","twitter_misc":{"Dur\u00e9e de lecture estim\u00e9e":"2 minutes"},"schema":{"@context":"https:\/\/schema.org","@graph":[{"@type":"WebPage","@id":"https:\/\/lummans.com\/index.php\/\/accessoires-pour-videoprojecteurs\/etui-de-rangement-mini-videoprojecteur-intelligent\/","url":"https:\/\/lummans.com\/index.php\/\/accessoires-pour-videoprojecteurs\/etui-de-rangement-mini-videoprojecteur-intelligent\/","name":"\u00c9tui de rangement | mini vid\u00e9oprojecteur intelligent - Lummans","isPartOf":{"@id":"https:\/\/lummans.com\/#website"},"primaryImageOfPage":{"@id":"https:\/\/lummans.com\/index.php\/\/accessoires-pour-videoprojecteurs\/etui-de-rangement-mini-videoprojecteur-intelligent\/#primaryimage"},"image":{"@id":"https:\/\/lummans.com\/index.php\/\/accessoires-pour-videoprojecteurs\/etui-de-rangement-mini-videoprojecteur-intelligent\/#primaryimage"},"thumbnailUrl":"https:\/\/lummans.com\/wp-content\/uploads\/2025\/01\/4-removebg-preview.png","datePublished":"2025-01-27T22:33:32+00:00","dateModified":"2025-01-27T23:06:28+00:00","breadcrumb":{"@id":"https:\/\/lummans.com\/index.php\/\/accessoires-pour-videoprojecteurs\/etui-de-rangement-mini-videoprojecteur-intelligent\/#breadcrumb"},"inLanguage":"fr-FR","potentialAction":[{"@type":"ReadAction","target":["https:\/\/lummans.com\/index.php\/\/accessoires-pour-videoprojecteurs\/etui-de-rangement-mini-videoprojecteur-intelligent\/"]}]},{"@type":"ImageObject","inLanguage":"fr-FR","@id":"https:\/\/lummans.com\/index.php\/\/accessoires-pour-videoprojecteurs\/etui-de-rangement-mini-videoprojecteur-intelligent\/#primaryimage","url":"https:\/\/lummans.com\/wp-content\/uploads\/2025\/01\/4-removebg-preview.png","contentUrl":"https:\/\/lummans.com\/wp-content\/uploads\/2025\/01\/4-removebg-preview.png","width":500,"height":500},{"@type":"BreadcrumbList","@id":"https:\/\/lummans.com\/index.php\/\/accessoires-pour-videoprojecteurs\/etui-de-rangement-mini-videoprojecteur-intelligent\/#breadcrumb","itemListElement":[{"@type":"ListItem","position":1,"name":"Accueil","item":"https:\/\/lummans.com\/"},{"@type":"ListItem","position":2,"name":"Nos produits","item":"https:\/\/lummans.com\/index.php\/nos-produits\/"},{"@type":"ListItem","position":3,"name":"\u00c9tui de rangement | mini vid\u00e9oprojecteur intelligent"}]},{"@type":"WebSite","@id":"https:\/\/lummans.com\/#website","url":"https:\/\/lummans.com\/","name":"Lummans","description":"","publisher":{"@id":"https:\/\/lummans.com\/#organization"},"potentialAction":[{"@type":"SearchAction","target":{"@type":"EntryPoint","urlTemplate":"https:\/\/lummans.com\/?s={search_term_string}"},"query-input":{"@type":"PropertyValueSpecification","valueRequired":true,"valueName":"search_term_string"}}],"inLanguage":"fr-FR"},{"@type":"Organization","@id":"https:\/\/lummans.com\/#organization","name":"Lummans","url":"https:\/\/lummans.com\/","logo":{"@type":"ImageObject","inLanguage":"fr-FR","@id":"https:\/\/lummans.com\/#\/schema\/logo\/image\/","url":"https:\/\/lummans.com\/wp-content\/uploads\/2023\/10\/cropped-cropped-blanc.png","contentUrl":"https:\/\/lummans.com\/wp-content\/uploads\/2023\/10\/cropped-cropped-blanc.png","width":1566,"height":333,"caption":"Lummans"},"image":{"@id":"https:\/\/lummans.com\/#\/schema\/logo\/image\/"}}]}},"jetpack_sharing_enabled":true,"_links":{"self":[{"href":"https:\/\/lummans.com\/index.php\/wp-json\/wp\/v2\/product\/5986","targetHints":{"allow":["GET"]}}],"collection":[{"href":"https:\/\/lummans.com\/index.php\/wp-json\/wp\/v2\/product"}],"about":[{"href":"https:\/\/lummans.com\/index.php\/wp-json\/wp\/v2\/types\/product"}],"replies":[{"embeddable":true,"href":"https:\/\/lummans.com\/index.php\/wp-json\/wp\/v2\/comments?post=5986"}],"version-history":[{"count":2,"href":"https:\/\/lummans.com\/index.php\/wp-json\/wp\/v2\/product\/5986\/revisions"}],"predecessor-version":[{"id":5993,"href":"https:\/\/lummans.com\/index.php\/wp-json\/wp\/v2\/product\/5986\/revisions\/5993"}],"wp:featuredmedia":[{"embeddable":true,"href":"https:\/\/lummans.com\/index.php\/wp-json\/wp\/v2\/media\/5994"}],"wp:attachment":[{"href":"https:\/\/lummans.com\/index.php\/wp-json\/wp\/v2\/media?parent=5986"}],"wp:term":[{"taxonomy":"product_brand","embeddable":true,"href":"https:\/\/lummans.com\/index.php\/wp-json\/wp\/v2\/product_brand?post=5986"},{"taxonomy":"product_cat","embeddable":true,"href":"https:\/\/lummans.com\/index.php\/wp-json\/wp\/v2\/product_cat?post=5986"},{"taxonomy":"product_tag","embeddable":true,"href":"https:\/\/lummans.com\/index.php\/wp-json\/wp\/v2\/product_tag?post=5986"}],"curies":[{"name":"wp","href":"https:\/\/api.w.org\/{rel}","templated":true}]}}