{"id":738,"date":"2023-10-26T16:16:34","date_gmt":"2023-10-26T14:16:34","guid":{"rendered":"https:\/\/lummans.com\/index.php\/produit\/ecran-de-projection-portable\/"},"modified":"2024-05-06T17:08:28","modified_gmt":"2024-05-06T15:08:28","slug":"ecran-de-projection-portable","status":"publish","type":"product","link":"https:\/\/lummans.com\/index.php\/\/accessoires-pour-videoprojecteurs\/ecran-de-projection-portable\/","title":{"rendered":"Ecran de projection Portable"},"content":{"rendered":"<div class=\"detailmodule_html\">\n<div class=\"detail-desc-decorate-richtext\">\n<div class=\"detailmodule_text\">\n<h2 class=\"whitespace-pre-wrap text-th-primary-dark antialiased break-words \">\u00c9cran de vid\u00e9oprojecteur pliable pour une exp\u00e9rience visuelle immersive<\/h2>\n<div class=\"whitespace-pre-wrap text-th-primary-dark antialiased break-words \"><\/div>\n<div class=\"whitespace-pre-wrap text-th-primary-dark antialiased break-words \">L&#8217;\u00e9cran de vid\u00e9oprojecteur offre une grande zone de visualisation avec un angle de vision de 170 degr\u00e9s, vous permettant de profiter d&#8217;une exp\u00e9rience th\u00e9\u00e2trale immersive dans le confort de votre maison. Sa conception pliable le rend facile \u00e0 transporter, vous pouvez le plier en petite taille et le mettre dans votre sac \u00e0 dos ou votre valise. Fabriqu\u00e9 avec un tissu \u00e9lastique anti-froissement en polyester naturel et spandex, cet \u00e9cran assure des images vives et nettes. De plus, il dispose d&#8217;une projection double face, vous permettant d&#8217;afficher l&#8217;image avec une haute r\u00e9solution des deux c\u00f4t\u00e9s.<\/div>\n<div><\/div>\n<h2 class=\"whitespace-pre-wrap text-th-primary-dark antialiased break-words \">Un \u00e9cran facile \u00e0 installer et \u00e0 entretenir<\/h2>\n<div><\/div>\n<div class=\"whitespace-pre-wrap text-th-primary-dark antialiased break-words \">L&#8217;\u00e9cran de vid\u00e9oprojecteur est livr\u00e9 avec des cordes et des crochets, ce qui le rend facile \u00e0 installer et \u00e0 fixer rapidement. Sa portabilit\u00e9 et sa l\u00e9g\u00e8ret\u00e9 en font un choix id\u00e9al pour une utilisation \u00e0 domicile, lors de pr\u00e9sentations de conf\u00e9rences, d&#8217;affichages publics, en ext\u00e9rieur ou lors de f\u00eates. De plus, cet \u00e9cran peut \u00eatre pli\u00e9 et lav\u00e9, et il est m\u00eame compatible avec le repassage, ce qui facilite son entretien et sa durabilit\u00e9.<\/div>\n<div><\/div>\n<h2 class=\"whitespace-pre-wrap text-th-primary-dark antialiased break-words \">Une exp\u00e9rience visuelle polyvalente<\/h2>\n<div><\/div>\n<div class=\"whitespace-pre-wrap text-th-primary-dark antialiased break-words \">Que ce soit pour regarder des films, faire des pr\u00e9sentations professionnelles ou organiser des \u00e9v\u00e9nements, l&#8217;\u00e9cran de vid\u00e9oprojecteur offre une solution pratique et de haute qualit\u00e9. Son angle de vision large et sa capacit\u00e9 \u00e0 afficher des images nettes et vives garantissent une exp\u00e9rience visuelle exceptionnelle. Transformez n&#8217;importe quel espace en un v\u00e9ritable cin\u00e9ma ou une salle de conf\u00e9rence avec cet \u00e9cran de vid\u00e9oprojecteur polyvalent.<\/div>\n<div class=\"whitespace-pre-wrap text-th-primary-dark antialiased break-words \">Optez d\u00e8s maintenant pour l&#8217;\u00e9cran de vid\u00e9oprojecteur pliable et profitez d&#8217;une exp\u00e9rience visuelle immersive o\u00f9 que vous soyez. Commandez d\u00e8s aujourd&#8217;hui et d\u00e9couvrez la qualit\u00e9 sup\u00e9rieure de cet \u00e9cran de vid\u00e9oprojecteur.<\/div>\n<div><\/div>\n<\/div>\n<div class=\"detailmodule_image\"><\/div>\n<p><strong>Livr\u00e9 avec des crochets, l&#8217;\u00e9cran peut \u00eatre install\u00e9 facilement et rapidement. Il y aura probablement quelques plis lorsque vous le recevrez, veuillez mettre quelque chose de lourd par dessus ou utiliser un fer \u00e0 repasser \u00e0 condition qu&#8217;il ne soit pas trop chaud.<\/strong><\/p>\n<div class=\"detailmodule_text\">\n<p id=\"tl_16\" class=\"detail-desc-decorate-content\" style=\"font-family: OpenSans; font-size: 14px; font-weight: 300; line-height: 20px; white-space: pre-wrap; color: #000000; margin-bottom: 12px;\"><img fetchpriority=\"high\" decoding=\"async\" class=\"alignnone wp-image-746\" src=\"https:\/\/lummans.com\/wp-content\/uploads\/2023\/10\/H11fbc552e4e14ee08fce7103193dfadel-removebg-preview-300x300.png\" alt=\"\" width=\"2000\" height=\"2000\" srcset=\"https:\/\/lummans.com\/wp-content\/uploads\/2023\/10\/H11fbc552e4e14ee08fce7103193dfadel-removebg-preview-300x300.png 300w, https:\/\/lummans.com\/wp-content\/uploads\/2023\/10\/H11fbc552e4e14ee08fce7103193dfadel-removebg-preview-150x150.png 150w, https:\/\/lummans.com\/wp-content\/uploads\/2023\/10\/H11fbc552e4e14ee08fce7103193dfadel-removebg-preview-100x100.png 100w, https:\/\/lummans.com\/wp-content\/uploads\/2023\/10\/H11fbc552e4e14ee08fce7103193dfadel-removebg-preview.png 500w\" sizes=\"(max-width: 2000px) 100vw, 2000px\" \/><\/p>\n<\/div>\n<\/div>\n<\/div>\n","protected":false},"excerpt":{"rendered":"<p><strong>L\u00e9ger<\/strong> et<strong> portable<\/strong><\/p>\n<p>Projection possible sur <strong>les deux faces<\/strong><\/p>\n<p>Livr\u00e9 avec des<strong> cordes<\/strong> et des<strong> crochets<\/strong><\/p>\n<p>Peut \u00eatre <strong>pli\u00e9<\/strong> et <strong>lav\u00e9<\/strong>.<\/p>\n","protected":false},"featured_media":748,"comment_status":"open","ping_status":"closed","template":"","meta":[],"product_brand":[],"product_cat":[37],"product_tag":[],"class_list":{"0":"post-738","1":"product","2":"type-product","3":"status-publish","4":"has-post-thumbnail","6":"product_cat-accessoires-pour-videoprojecteurs","8":"first","9":"instock","10":"shipping-taxable","11":"purchasable","12":"product-type-variable","13":"has-default-attributes"},"bundled_by":["614","23","5965"],"bundle_stock_status":"instock","bundle_stock_quantity":34,"bundle_virtual":false,"bundle_layout":"","bundle_add_to_cart_form_location":"","bundle_editable_in_cart":false,"bundle_sold_individually_context":"","bundle_item_grouping":"","bundle_min_size":"","bundle_max_size":"","bundle_price":[],"bundled_items":[],"bundle_sell_ids":[],"yoast_head":"<!-- This site is optimized with the Yoast SEO plugin v27.3 - https:\/\/yoast.com\/product\/yoast-seo-wordpress\/ -->\n<title>Ecran de projection Portable - Lummans<\/title>\n<meta name=\"robots\" content=\"index, follow, max-snippet:-1, max-image-preview:large, max-video-preview:-1\" \/>\n<link rel=\"canonical\" href=\"https:\/\/lummans.com\/index.php\/\/accessoires-pour-videoprojecteurs\/ecran-de-projection-portable\/\" \/>\n<meta property=\"og:locale\" content=\"fr_FR\" \/>\n<meta property=\"og:type\" content=\"article\" \/>\n<meta property=\"og:title\" content=\"Ecran de projection Portable - Lummans\" \/>\n<meta property=\"og:description\" content=\"L\u00e9ger et portable  Projection possible sur les deux faces  Livr\u00e9 avec des cordes et des crochets  Peut \u00eatre pli\u00e9 et lav\u00e9.\" \/>\n<meta property=\"og:url\" content=\"https:\/\/lummans.com\/index.php\/\/accessoires-pour-videoprojecteurs\/ecran-de-projection-portable\/\" \/>\n<meta property=\"og:site_name\" content=\"Lummans\" \/>\n<meta property=\"article:modified_time\" content=\"2024-05-06T15:08:28+00:00\" \/>\n<meta property=\"og:image\" content=\"https:\/\/lummans.com\/wp-content\/uploads\/2023\/10\/ecran-1.png\" \/>\n\t<meta property=\"og:image:width\" content=\"1080\" \/>\n\t<meta property=\"og:image:height\" content=\"1080\" \/>\n\t<meta property=\"og:image:type\" content=\"image\/png\" \/>\n<meta name=\"twitter:card\" content=\"summary_large_image\" \/>\n<meta name=\"twitter:label1\" content=\"Dur\u00e9e de lecture estim\u00e9e\" \/>\n\t<meta name=\"twitter:data1\" content=\"3 minutes\" \/>\n<script type=\"application\/ld+json\" class=\"yoast-schema-graph\">{\"@context\":\"https:\\\/\\\/schema.org\",\"@graph\":[{\"@type\":\"WebPage\",\"@id\":\"https:\\\/\\\/lummans.com\\\/index.php\\\/\\\/accessoires-pour-videoprojecteurs\\\/ecran-de-projection-portable\\\/\",\"url\":\"https:\\\/\\\/lummans.com\\\/index.php\\\/\\\/accessoires-pour-videoprojecteurs\\\/ecran-de-projection-portable\\\/\",\"name\":\"Ecran de projection Portable - Lummans\",\"isPartOf\":{\"@id\":\"https:\\\/\\\/lummans.com\\\/#website\"},\"primaryImageOfPage\":{\"@id\":\"https:\\\/\\\/lummans.com\\\/index.php\\\/\\\/accessoires-pour-videoprojecteurs\\\/ecran-de-projection-portable\\\/#primaryimage\"},\"image\":{\"@id\":\"https:\\\/\\\/lummans.com\\\/index.php\\\/\\\/accessoires-pour-videoprojecteurs\\\/ecran-de-projection-portable\\\/#primaryimage\"},\"thumbnailUrl\":\"https:\\\/\\\/lummans.com\\\/wp-content\\\/uploads\\\/2023\\\/10\\\/ecran-1.png\",\"datePublished\":\"2023-10-26T14:16:34+00:00\",\"dateModified\":\"2024-05-06T15:08:28+00:00\",\"breadcrumb\":{\"@id\":\"https:\\\/\\\/lummans.com\\\/index.php\\\/\\\/accessoires-pour-videoprojecteurs\\\/ecran-de-projection-portable\\\/#breadcrumb\"},\"inLanguage\":\"fr-FR\",\"potentialAction\":[{\"@type\":\"ReadAction\",\"target\":[\"https:\\\/\\\/lummans.com\\\/index.php\\\/\\\/accessoires-pour-videoprojecteurs\\\/ecran-de-projection-portable\\\/\"]}]},{\"@type\":\"ImageObject\",\"inLanguage\":\"fr-FR\",\"@id\":\"https:\\\/\\\/lummans.com\\\/index.php\\\/\\\/accessoires-pour-videoprojecteurs\\\/ecran-de-projection-portable\\\/#primaryimage\",\"url\":\"https:\\\/\\\/lummans.com\\\/wp-content\\\/uploads\\\/2023\\\/10\\\/ecran-1.png\",\"contentUrl\":\"https:\\\/\\\/lummans.com\\\/wp-content\\\/uploads\\\/2023\\\/10\\\/ecran-1.png\",\"width\":1080,\"height\":1080},{\"@type\":\"BreadcrumbList\",\"@id\":\"https:\\\/\\\/lummans.com\\\/index.php\\\/\\\/accessoires-pour-videoprojecteurs\\\/ecran-de-projection-portable\\\/#breadcrumb\",\"itemListElement\":[{\"@type\":\"ListItem\",\"position\":1,\"name\":\"Accueil\",\"item\":\"https:\\\/\\\/lummans.com\\\/\"},{\"@type\":\"ListItem\",\"position\":2,\"name\":\"Nos produits\",\"item\":\"https:\\\/\\\/lummans.com\\\/index.php\\\/nos-produits\\\/\"},{\"@type\":\"ListItem\",\"position\":3,\"name\":\"Ecran de projection Portable\"}]},{\"@type\":\"WebSite\",\"@id\":\"https:\\\/\\\/lummans.com\\\/#website\",\"url\":\"https:\\\/\\\/lummans.com\\\/\",\"name\":\"Lummans\",\"description\":\"\",\"publisher\":{\"@id\":\"https:\\\/\\\/lummans.com\\\/#organization\"},\"potentialAction\":[{\"@type\":\"SearchAction\",\"target\":{\"@type\":\"EntryPoint\",\"urlTemplate\":\"https:\\\/\\\/lummans.com\\\/?s={search_term_string}\"},\"query-input\":{\"@type\":\"PropertyValueSpecification\",\"valueRequired\":true,\"valueName\":\"search_term_string\"}}],\"inLanguage\":\"fr-FR\"},{\"@type\":\"Organization\",\"@id\":\"https:\\\/\\\/lummans.com\\\/#organization\",\"name\":\"Lummans\",\"url\":\"https:\\\/\\\/lummans.com\\\/\",\"logo\":{\"@type\":\"ImageObject\",\"inLanguage\":\"fr-FR\",\"@id\":\"https:\\\/\\\/lummans.com\\\/#\\\/schema\\\/logo\\\/image\\\/\",\"url\":\"https:\\\/\\\/lummans.com\\\/wp-content\\\/uploads\\\/2023\\\/10\\\/cropped-cropped-blanc.png\",\"contentUrl\":\"https:\\\/\\\/lummans.com\\\/wp-content\\\/uploads\\\/2023\\\/10\\\/cropped-cropped-blanc.png\",\"width\":1566,\"height\":333,\"caption\":\"Lummans\"},\"image\":{\"@id\":\"https:\\\/\\\/lummans.com\\\/#\\\/schema\\\/logo\\\/image\\\/\"}}]}<\/script>\n<!-- \/ Yoast SEO plugin. -->","yoast_head_json":{"title":"Ecran de projection Portable - Lummans","robots":{"index":"index","follow":"follow","max-snippet":"max-snippet:-1","max-image-preview":"max-image-preview:large","max-video-preview":"max-video-preview:-1"},"canonical":"https:\/\/lummans.com\/index.php\/\/accessoires-pour-videoprojecteurs\/ecran-de-projection-portable\/","og_locale":"fr_FR","og_type":"article","og_title":"Ecran de projection Portable - Lummans","og_description":"L\u00e9ger et portable  Projection possible sur les deux faces  Livr\u00e9 avec des cordes et des crochets  Peut \u00eatre pli\u00e9 et lav\u00e9.","og_url":"https:\/\/lummans.com\/index.php\/\/accessoires-pour-videoprojecteurs\/ecran-de-projection-portable\/","og_site_name":"Lummans","article_modified_time":"2024-05-06T15:08:28+00:00","og_image":[{"width":1080,"height":1080,"url":"https:\/\/lummans.com\/wp-content\/uploads\/2023\/10\/ecran-1.png","type":"image\/png"}],"twitter_card":"summary_large_image","twitter_misc":{"Dur\u00e9e de lecture estim\u00e9e":"3 minutes"},"schema":{"@context":"https:\/\/schema.org","@graph":[{"@type":"WebPage","@id":"https:\/\/lummans.com\/index.php\/\/accessoires-pour-videoprojecteurs\/ecran-de-projection-portable\/","url":"https:\/\/lummans.com\/index.php\/\/accessoires-pour-videoprojecteurs\/ecran-de-projection-portable\/","name":"Ecran de projection Portable - Lummans","isPartOf":{"@id":"https:\/\/lummans.com\/#website"},"primaryImageOfPage":{"@id":"https:\/\/lummans.com\/index.php\/\/accessoires-pour-videoprojecteurs\/ecran-de-projection-portable\/#primaryimage"},"image":{"@id":"https:\/\/lummans.com\/index.php\/\/accessoires-pour-videoprojecteurs\/ecran-de-projection-portable\/#primaryimage"},"thumbnailUrl":"https:\/\/lummans.com\/wp-content\/uploads\/2023\/10\/ecran-1.png","datePublished":"2023-10-26T14:16:34+00:00","dateModified":"2024-05-06T15:08:28+00:00","breadcrumb":{"@id":"https:\/\/lummans.com\/index.php\/\/accessoires-pour-videoprojecteurs\/ecran-de-projection-portable\/#breadcrumb"},"inLanguage":"fr-FR","potentialAction":[{"@type":"ReadAction","target":["https:\/\/lummans.com\/index.php\/\/accessoires-pour-videoprojecteurs\/ecran-de-projection-portable\/"]}]},{"@type":"ImageObject","inLanguage":"fr-FR","@id":"https:\/\/lummans.com\/index.php\/\/accessoires-pour-videoprojecteurs\/ecran-de-projection-portable\/#primaryimage","url":"https:\/\/lummans.com\/wp-content\/uploads\/2023\/10\/ecran-1.png","contentUrl":"https:\/\/lummans.com\/wp-content\/uploads\/2023\/10\/ecran-1.png","width":1080,"height":1080},{"@type":"BreadcrumbList","@id":"https:\/\/lummans.com\/index.php\/\/accessoires-pour-videoprojecteurs\/ecran-de-projection-portable\/#breadcrumb","itemListElement":[{"@type":"ListItem","position":1,"name":"Accueil","item":"https:\/\/lummans.com\/"},{"@type":"ListItem","position":2,"name":"Nos produits","item":"https:\/\/lummans.com\/index.php\/nos-produits\/"},{"@type":"ListItem","position":3,"name":"Ecran de projection Portable"}]},{"@type":"WebSite","@id":"https:\/\/lummans.com\/#website","url":"https:\/\/lummans.com\/","name":"Lummans","description":"","publisher":{"@id":"https:\/\/lummans.com\/#organization"},"potentialAction":[{"@type":"SearchAction","target":{"@type":"EntryPoint","urlTemplate":"https:\/\/lummans.com\/?s={search_term_string}"},"query-input":{"@type":"PropertyValueSpecification","valueRequired":true,"valueName":"search_term_string"}}],"inLanguage":"fr-FR"},{"@type":"Organization","@id":"https:\/\/lummans.com\/#organization","name":"Lummans","url":"https:\/\/lummans.com\/","logo":{"@type":"ImageObject","inLanguage":"fr-FR","@id":"https:\/\/lummans.com\/#\/schema\/logo\/image\/","url":"https:\/\/lummans.com\/wp-content\/uploads\/2023\/10\/cropped-cropped-blanc.png","contentUrl":"https:\/\/lummans.com\/wp-content\/uploads\/2023\/10\/cropped-cropped-blanc.png","width":1566,"height":333,"caption":"Lummans"},"image":{"@id":"https:\/\/lummans.com\/#\/schema\/logo\/image\/"}}]}},"jetpack_sharing_enabled":true,"_links":{"self":[{"href":"https:\/\/lummans.com\/index.php\/wp-json\/wp\/v2\/product\/738","targetHints":{"allow":["GET"]}}],"collection":[{"href":"https:\/\/lummans.com\/index.php\/wp-json\/wp\/v2\/product"}],"about":[{"href":"https:\/\/lummans.com\/index.php\/wp-json\/wp\/v2\/types\/product"}],"replies":[{"embeddable":true,"href":"https:\/\/lummans.com\/index.php\/wp-json\/wp\/v2\/comments?post=738"}],"version-history":[{"count":2,"href":"https:\/\/lummans.com\/index.php\/wp-json\/wp\/v2\/product\/738\/revisions"}],"predecessor-version":[{"id":751,"href":"https:\/\/lummans.com\/index.php\/wp-json\/wp\/v2\/product\/738\/revisions\/751"}],"wp:featuredmedia":[{"embeddable":true,"href":"https:\/\/lummans.com\/index.php\/wp-json\/wp\/v2\/media\/748"}],"wp:attachment":[{"href":"https:\/\/lummans.com\/index.php\/wp-json\/wp\/v2\/media?parent=738"}],"wp:term":[{"taxonomy":"product_brand","embeddable":true,"href":"https:\/\/lummans.com\/index.php\/wp-json\/wp\/v2\/product_brand?post=738"},{"taxonomy":"product_cat","embeddable":true,"href":"https:\/\/lummans.com\/index.php\/wp-json\/wp\/v2\/product_cat?post=738"},{"taxonomy":"product_tag","embeddable":true,"href":"https:\/\/lummans.com\/index.php\/wp-json\/wp\/v2\/product_tag?post=738"}],"curies":[{"name":"wp","href":"https:\/\/api.w.org\/{rel}","templated":true}]}}