{"id":753,"date":"2023-10-26T17:14:13","date_gmt":"2023-10-26T15:14:13","guid":{"rendered":"https:\/\/lummans.com\/index.php\/produit\/cable-hdmi-compatible-4k\/"},"modified":"2024-04-16T16:05:26","modified_gmt":"2024-04-16T14:05:26","slug":"cable-hdmi-compatible-4k","status":"publish","type":"product","link":"https:\/\/lummans.com\/index.php\/\/accessoires-pour-videoprojecteurs\/cable-hdmi-compatible-4k\/","title":{"rendered":"C\u00e2ble HDMI compatible 4K"},"content":{"rendered":"<h2>L&#8217;exp\u00e9rience 4K Ultime<\/h2>\n<div>D\u00e9couvrez la puissance de l&#8217;ultra HD 4K avec notre c\u00e2ble HDMI. B\u00e9n\u00e9ficiez d&#8217;une qualit\u00e9 d&#8217;image exceptionnelle, d&#8217;une transmission ultra-rapide jusqu&#8217;\u00e0 48 Gbps, et d&#8217;une compatibilit\u00e9 universelle avec une gamme d&#8217;appareils. Profitez de couleurs dynamiques, d&#8217;un son optimal gr\u00e2ce \u00e0 la technologie eARC, et d&#8217;une protection contre les interf\u00e9rences pour une exp\u00e9rience de divertissement de haute qualit\u00e9. Choisissez la longueur qui vous convient et transformez votre syst\u00e8me de divertissement en une exp\u00e9rience immersive sans compromis.<\/div>\n<div><img fetchpriority=\"high\" decoding=\"async\" class=\"alignnone wp-image-762\" src=\"https:\/\/lummans.com\/wp-content\/uploads\/2023\/10\/S37d80510bb2445a7a751ffc5555f4aafk-removebg-preview-300x300.png\" alt=\"\" width=\"2000\" height=\"2000\" srcset=\"https:\/\/lummans.com\/wp-content\/uploads\/2023\/10\/S37d80510bb2445a7a751ffc5555f4aafk-removebg-preview-300x300.png 300w, https:\/\/lummans.com\/wp-content\/uploads\/2023\/10\/S37d80510bb2445a7a751ffc5555f4aafk-removebg-preview-150x150.png 150w, https:\/\/lummans.com\/wp-content\/uploads\/2023\/10\/S37d80510bb2445a7a751ffc5555f4aafk-removebg-preview-100x100.png 100w, https:\/\/lummans.com\/wp-content\/uploads\/2023\/10\/S37d80510bb2445a7a751ffc5555f4aafk-removebg-preview.png 500w\" sizes=\"(max-width: 2000px) 100vw, 2000px\" \/><\/div>\n","protected":false},"excerpt":{"rendered":"<p>L&#8217;exp\u00e9rience 4K Ultime D\u00e9couvrez la puissance de l&#8217;ultra HD 4K avec notre c\u00e2ble HDMI. B\u00e9n\u00e9ficiez d&#8217;une qualit\u00e9 d&#8217;image exceptionnelle, d&#8217;une&#8230;<\/p>\n","protected":false},"featured_media":763,"comment_status":"open","ping_status":"closed","template":"","meta":[],"product_brand":[],"product_cat":[37],"product_tag":[],"class_list":{"0":"post-753","1":"product","2":"type-product","3":"status-publish","4":"has-post-thumbnail","6":"product_cat-accessoires-pour-videoprojecteurs","8":"first","9":"instock","10":"sale","11":"shipping-taxable","12":"purchasable","13":"product-type-variable","14":"has-default-attributes"},"bundled_by":[],"bundle_stock_status":"instock","bundle_stock_quantity":2000,"bundle_virtual":false,"bundle_layout":"","bundle_add_to_cart_form_location":"","bundle_editable_in_cart":false,"bundle_sold_individually_context":"","bundle_item_grouping":"","bundle_min_size":"","bundle_max_size":"","bundle_price":[],"bundled_items":[],"bundle_sell_ids":[],"yoast_head":"<!-- This site is optimized with the Yoast SEO plugin v27.3 - https:\/\/yoast.com\/product\/yoast-seo-wordpress\/ -->\n<title>C\u00e2ble HDMI compatible 4K | Lummans<\/title>\n<meta name=\"description\" content=\"Un c\u00e2ble HDMI compatible 4K \u00e0 co\u00fbt accessible pour accompagner votre setup home cin\u00e9ma. Livraison gratuite, SAV r\u00e9actif, satisfait ou rembours\u00e9 !\" \/>\n<meta name=\"robots\" content=\"index, follow, max-snippet:-1, max-image-preview:large, max-video-preview:-1\" \/>\n<link rel=\"canonical\" href=\"https:\/\/lummans.com\/index.php\/\/accessoires-pour-videoprojecteurs\/cable-hdmi-compatible-4k\/\" \/>\n<meta property=\"og:locale\" content=\"fr_FR\" \/>\n<meta property=\"og:type\" content=\"article\" \/>\n<meta property=\"og:title\" content=\"C\u00e2ble HDMI compatible 4K | Lummans\" \/>\n<meta property=\"og:description\" content=\"Un c\u00e2ble HDMI compatible 4K \u00e0 co\u00fbt accessible pour accompagner votre setup home cin\u00e9ma. Livraison gratuite, SAV r\u00e9actif, satisfait ou rembours\u00e9 !\" \/>\n<meta property=\"og:url\" content=\"https:\/\/lummans.com\/index.php\/\/accessoires-pour-videoprojecteurs\/cable-hdmi-compatible-4k\/\" \/>\n<meta property=\"og:site_name\" content=\"Lummans\" \/>\n<meta property=\"article:modified_time\" content=\"2024-04-16T14:05:26+00:00\" \/>\n<meta property=\"og:image\" content=\"https:\/\/lummans.com\/wp-content\/uploads\/2023\/10\/AIXXCO-Cable-compatible-con-HDMI-4K-60Hz-macho-a-HDMI-macho-para-PS3-4-proyector-TV-removebg-preview.png\" \/>\n\t<meta property=\"og:image:width\" content=\"500\" \/>\n\t<meta property=\"og:image:height\" content=\"500\" \/>\n\t<meta property=\"og:image:type\" content=\"image\/png\" \/>\n<meta name=\"twitter:card\" content=\"summary_large_image\" \/>\n<meta name=\"twitter:label1\" content=\"Dur\u00e9e de lecture estim\u00e9e\" \/>\n\t<meta name=\"twitter:data1\" content=\"1 minute\" \/>\n<script type=\"application\/ld+json\" class=\"yoast-schema-graph\">{\"@context\":\"https:\\\/\\\/schema.org\",\"@graph\":[{\"@type\":\"WebPage\",\"@id\":\"https:\\\/\\\/lummans.com\\\/index.php\\\/\\\/accessoires-pour-videoprojecteurs\\\/cable-hdmi-compatible-4k\\\/\",\"url\":\"https:\\\/\\\/lummans.com\\\/index.php\\\/\\\/accessoires-pour-videoprojecteurs\\\/cable-hdmi-compatible-4k\\\/\",\"name\":\"C\u00e2ble HDMI compatible 4K | Lummans\",\"isPartOf\":{\"@id\":\"https:\\\/\\\/lummans.com\\\/#website\"},\"primaryImageOfPage\":{\"@id\":\"https:\\\/\\\/lummans.com\\\/index.php\\\/\\\/accessoires-pour-videoprojecteurs\\\/cable-hdmi-compatible-4k\\\/#primaryimage\"},\"image\":{\"@id\":\"https:\\\/\\\/lummans.com\\\/index.php\\\/\\\/accessoires-pour-videoprojecteurs\\\/cable-hdmi-compatible-4k\\\/#primaryimage\"},\"thumbnailUrl\":\"https:\\\/\\\/lummans.com\\\/wp-content\\\/uploads\\\/2023\\\/10\\\/AIXXCO-Cable-compatible-con-HDMI-4K-60Hz-macho-a-HDMI-macho-para-PS3-4-proyector-TV-removebg-preview.png\",\"datePublished\":\"2023-10-26T15:14:13+00:00\",\"dateModified\":\"2024-04-16T14:05:26+00:00\",\"description\":\"Un c\u00e2ble HDMI compatible 4K \u00e0 co\u00fbt accessible pour accompagner votre setup home cin\u00e9ma. Livraison gratuite, SAV r\u00e9actif, satisfait ou rembours\u00e9 !\",\"breadcrumb\":{\"@id\":\"https:\\\/\\\/lummans.com\\\/index.php\\\/\\\/accessoires-pour-videoprojecteurs\\\/cable-hdmi-compatible-4k\\\/#breadcrumb\"},\"inLanguage\":\"fr-FR\",\"potentialAction\":[{\"@type\":\"ReadAction\",\"target\":[\"https:\\\/\\\/lummans.com\\\/index.php\\\/\\\/accessoires-pour-videoprojecteurs\\\/cable-hdmi-compatible-4k\\\/\"]}]},{\"@type\":\"ImageObject\",\"inLanguage\":\"fr-FR\",\"@id\":\"https:\\\/\\\/lummans.com\\\/index.php\\\/\\\/accessoires-pour-videoprojecteurs\\\/cable-hdmi-compatible-4k\\\/#primaryimage\",\"url\":\"https:\\\/\\\/lummans.com\\\/wp-content\\\/uploads\\\/2023\\\/10\\\/AIXXCO-Cable-compatible-con-HDMI-4K-60Hz-macho-a-HDMI-macho-para-PS3-4-proyector-TV-removebg-preview.png\",\"contentUrl\":\"https:\\\/\\\/lummans.com\\\/wp-content\\\/uploads\\\/2023\\\/10\\\/AIXXCO-Cable-compatible-con-HDMI-4K-60Hz-macho-a-HDMI-macho-para-PS3-4-proyector-TV-removebg-preview.png\",\"width\":500,\"height\":500},{\"@type\":\"BreadcrumbList\",\"@id\":\"https:\\\/\\\/lummans.com\\\/index.php\\\/\\\/accessoires-pour-videoprojecteurs\\\/cable-hdmi-compatible-4k\\\/#breadcrumb\",\"itemListElement\":[{\"@type\":\"ListItem\",\"position\":1,\"name\":\"Accueil\",\"item\":\"https:\\\/\\\/lummans.com\\\/\"},{\"@type\":\"ListItem\",\"position\":2,\"name\":\"Nos produits\",\"item\":\"https:\\\/\\\/lummans.com\\\/index.php\\\/nos-produits\\\/\"},{\"@type\":\"ListItem\",\"position\":3,\"name\":\"C\u00e2ble HDMI compatible 4K\"}]},{\"@type\":\"WebSite\",\"@id\":\"https:\\\/\\\/lummans.com\\\/#website\",\"url\":\"https:\\\/\\\/lummans.com\\\/\",\"name\":\"Lummans\",\"description\":\"\",\"publisher\":{\"@id\":\"https:\\\/\\\/lummans.com\\\/#organization\"},\"potentialAction\":[{\"@type\":\"SearchAction\",\"target\":{\"@type\":\"EntryPoint\",\"urlTemplate\":\"https:\\\/\\\/lummans.com\\\/?s={search_term_string}\"},\"query-input\":{\"@type\":\"PropertyValueSpecification\",\"valueRequired\":true,\"valueName\":\"search_term_string\"}}],\"inLanguage\":\"fr-FR\"},{\"@type\":\"Organization\",\"@id\":\"https:\\\/\\\/lummans.com\\\/#organization\",\"name\":\"Lummans\",\"url\":\"https:\\\/\\\/lummans.com\\\/\",\"logo\":{\"@type\":\"ImageObject\",\"inLanguage\":\"fr-FR\",\"@id\":\"https:\\\/\\\/lummans.com\\\/#\\\/schema\\\/logo\\\/image\\\/\",\"url\":\"https:\\\/\\\/lummans.com\\\/wp-content\\\/uploads\\\/2023\\\/10\\\/cropped-cropped-blanc.png\",\"contentUrl\":\"https:\\\/\\\/lummans.com\\\/wp-content\\\/uploads\\\/2023\\\/10\\\/cropped-cropped-blanc.png\",\"width\":1566,\"height\":333,\"caption\":\"Lummans\"},\"image\":{\"@id\":\"https:\\\/\\\/lummans.com\\\/#\\\/schema\\\/logo\\\/image\\\/\"}}]}<\/script>\n<!-- \/ Yoast SEO plugin. -->","yoast_head_json":{"title":"C\u00e2ble HDMI compatible 4K | Lummans","description":"Un c\u00e2ble HDMI compatible 4K \u00e0 co\u00fbt accessible pour accompagner votre setup home cin\u00e9ma. Livraison gratuite, SAV r\u00e9actif, satisfait ou rembours\u00e9 !","robots":{"index":"index","follow":"follow","max-snippet":"max-snippet:-1","max-image-preview":"max-image-preview:large","max-video-preview":"max-video-preview:-1"},"canonical":"https:\/\/lummans.com\/index.php\/\/accessoires-pour-videoprojecteurs\/cable-hdmi-compatible-4k\/","og_locale":"fr_FR","og_type":"article","og_title":"C\u00e2ble HDMI compatible 4K | Lummans","og_description":"Un c\u00e2ble HDMI compatible 4K \u00e0 co\u00fbt accessible pour accompagner votre setup home cin\u00e9ma. Livraison gratuite, SAV r\u00e9actif, satisfait ou rembours\u00e9 !","og_url":"https:\/\/lummans.com\/index.php\/\/accessoires-pour-videoprojecteurs\/cable-hdmi-compatible-4k\/","og_site_name":"Lummans","article_modified_time":"2024-04-16T14:05:26+00:00","og_image":[{"width":500,"height":500,"url":"https:\/\/lummans.com\/wp-content\/uploads\/2023\/10\/AIXXCO-Cable-compatible-con-HDMI-4K-60Hz-macho-a-HDMI-macho-para-PS3-4-proyector-TV-removebg-preview.png","type":"image\/png"}],"twitter_card":"summary_large_image","twitter_misc":{"Dur\u00e9e de lecture estim\u00e9e":"1 minute"},"schema":{"@context":"https:\/\/schema.org","@graph":[{"@type":"WebPage","@id":"https:\/\/lummans.com\/index.php\/\/accessoires-pour-videoprojecteurs\/cable-hdmi-compatible-4k\/","url":"https:\/\/lummans.com\/index.php\/\/accessoires-pour-videoprojecteurs\/cable-hdmi-compatible-4k\/","name":"C\u00e2ble HDMI compatible 4K | Lummans","isPartOf":{"@id":"https:\/\/lummans.com\/#website"},"primaryImageOfPage":{"@id":"https:\/\/lummans.com\/index.php\/\/accessoires-pour-videoprojecteurs\/cable-hdmi-compatible-4k\/#primaryimage"},"image":{"@id":"https:\/\/lummans.com\/index.php\/\/accessoires-pour-videoprojecteurs\/cable-hdmi-compatible-4k\/#primaryimage"},"thumbnailUrl":"https:\/\/lummans.com\/wp-content\/uploads\/2023\/10\/AIXXCO-Cable-compatible-con-HDMI-4K-60Hz-macho-a-HDMI-macho-para-PS3-4-proyector-TV-removebg-preview.png","datePublished":"2023-10-26T15:14:13+00:00","dateModified":"2024-04-16T14:05:26+00:00","description":"Un c\u00e2ble HDMI compatible 4K \u00e0 co\u00fbt accessible pour accompagner votre setup home cin\u00e9ma. Livraison gratuite, SAV r\u00e9actif, satisfait ou rembours\u00e9 !","breadcrumb":{"@id":"https:\/\/lummans.com\/index.php\/\/accessoires-pour-videoprojecteurs\/cable-hdmi-compatible-4k\/#breadcrumb"},"inLanguage":"fr-FR","potentialAction":[{"@type":"ReadAction","target":["https:\/\/lummans.com\/index.php\/\/accessoires-pour-videoprojecteurs\/cable-hdmi-compatible-4k\/"]}]},{"@type":"ImageObject","inLanguage":"fr-FR","@id":"https:\/\/lummans.com\/index.php\/\/accessoires-pour-videoprojecteurs\/cable-hdmi-compatible-4k\/#primaryimage","url":"https:\/\/lummans.com\/wp-content\/uploads\/2023\/10\/AIXXCO-Cable-compatible-con-HDMI-4K-60Hz-macho-a-HDMI-macho-para-PS3-4-proyector-TV-removebg-preview.png","contentUrl":"https:\/\/lummans.com\/wp-content\/uploads\/2023\/10\/AIXXCO-Cable-compatible-con-HDMI-4K-60Hz-macho-a-HDMI-macho-para-PS3-4-proyector-TV-removebg-preview.png","width":500,"height":500},{"@type":"BreadcrumbList","@id":"https:\/\/lummans.com\/index.php\/\/accessoires-pour-videoprojecteurs\/cable-hdmi-compatible-4k\/#breadcrumb","itemListElement":[{"@type":"ListItem","position":1,"name":"Accueil","item":"https:\/\/lummans.com\/"},{"@type":"ListItem","position":2,"name":"Nos produits","item":"https:\/\/lummans.com\/index.php\/nos-produits\/"},{"@type":"ListItem","position":3,"name":"C\u00e2ble HDMI compatible 4K"}]},{"@type":"WebSite","@id":"https:\/\/lummans.com\/#website","url":"https:\/\/lummans.com\/","name":"Lummans","description":"","publisher":{"@id":"https:\/\/lummans.com\/#organization"},"potentialAction":[{"@type":"SearchAction","target":{"@type":"EntryPoint","urlTemplate":"https:\/\/lummans.com\/?s={search_term_string}"},"query-input":{"@type":"PropertyValueSpecification","valueRequired":true,"valueName":"search_term_string"}}],"inLanguage":"fr-FR"},{"@type":"Organization","@id":"https:\/\/lummans.com\/#organization","name":"Lummans","url":"https:\/\/lummans.com\/","logo":{"@type":"ImageObject","inLanguage":"fr-FR","@id":"https:\/\/lummans.com\/#\/schema\/logo\/image\/","url":"https:\/\/lummans.com\/wp-content\/uploads\/2023\/10\/cropped-cropped-blanc.png","contentUrl":"https:\/\/lummans.com\/wp-content\/uploads\/2023\/10\/cropped-cropped-blanc.png","width":1566,"height":333,"caption":"Lummans"},"image":{"@id":"https:\/\/lummans.com\/#\/schema\/logo\/image\/"}}]}},"jetpack_sharing_enabled":true,"_links":{"self":[{"href":"https:\/\/lummans.com\/index.php\/wp-json\/wp\/v2\/product\/753","targetHints":{"allow":["GET"]}}],"collection":[{"href":"https:\/\/lummans.com\/index.php\/wp-json\/wp\/v2\/product"}],"about":[{"href":"https:\/\/lummans.com\/index.php\/wp-json\/wp\/v2\/types\/product"}],"replies":[{"embeddable":true,"href":"https:\/\/lummans.com\/index.php\/wp-json\/wp\/v2\/comments?post=753"}],"version-history":[{"count":2,"href":"https:\/\/lummans.com\/index.php\/wp-json\/wp\/v2\/product\/753\/revisions"}],"predecessor-version":[{"id":765,"href":"https:\/\/lummans.com\/index.php\/wp-json\/wp\/v2\/product\/753\/revisions\/765"}],"wp:featuredmedia":[{"embeddable":true,"href":"https:\/\/lummans.com\/index.php\/wp-json\/wp\/v2\/media\/763"}],"wp:attachment":[{"href":"https:\/\/lummans.com\/index.php\/wp-json\/wp\/v2\/media?parent=753"}],"wp:term":[{"taxonomy":"product_brand","embeddable":true,"href":"https:\/\/lummans.com\/index.php\/wp-json\/wp\/v2\/product_brand?post=753"},{"taxonomy":"product_cat","embeddable":true,"href":"https:\/\/lummans.com\/index.php\/wp-json\/wp\/v2\/product_cat?post=753"},{"taxonomy":"product_tag","embeddable":true,"href":"https:\/\/lummans.com\/index.php\/wp-json\/wp\/v2\/product_tag?post=753"}],"curies":[{"name":"wp","href":"https:\/\/api.w.org\/{rel}","templated":true}]}}